{"id":67,"date":"2016-06-22T01:33:14","date_gmt":"2016-06-21T23:33:14","guid":{"rendered":"https:\/\/the7.io\/construction\/?page_id=67"},"modified":"2021-04-21T11:57:12","modified_gmt":"2021-04-21T09:57:12","slug":"sprzatanie-osiedli-mieszkaniowych","status":"publish","type":"page","link":"https:\/\/jak-czysto.pl\/index.php\/oferta-jak-czysto\/sprzatanie-osiedli-mieszkaniowych\/","title":{"rendered":"Sprz\u0105tanie osiedli mieszkaniowych"},"content":{"rendered":"<p>[vc_row type=&#8221;vc_default&#8221; css=&#8221;.vc_custom_1618899158990{margin-bottom: -30px !important;padding-bottom: 30px !important;}&#8221;][vc_column offset=&#8221;vc_col-lg-12 vc_col-md-12 vc_col-xs-12&#8243;]<style type=\"text\/css\" data-type=\"the7_shortcodes-inline-css\">.shortcode-single-image-wrap.shortcode-single-image-0ad724a186d613051e1f4deddcb0fd8d.enable-bg-rollover .rollover i,\n.shortcode-single-image-wrap.shortcode-single-image-0ad724a186d613051e1f4deddcb0fd8d.enable-bg-rollover .rollover-video i {\n  background: ;\n  background: -webkit-linear-gradient();\n  background: linear-gradient();\n}\n.shortcode-single-image-wrap.shortcode-single-image-0ad724a186d613051e1f4deddcb0fd8d .rollover-icon {\n  font-size: 32px;\n  color: #ffffff;\n  min-width: 44px;\n  min-height: 44px;\n  line-height: 44px;\n  border-radius: 100px;\n  border-style: solid;\n  border-width: 0px;\n}\n.dt-icon-bg-on.shortcode-single-image-wrap.shortcode-single-image-0ad724a186d613051e1f4deddcb0fd8d .rollover-icon {\n  background: rgba(255,255,255,0.3);\n  box-shadow: none;\n}\n<\/style><div class=\"shortcode-single-image-wrap shortcode-single-image-0ad724a186d613051e1f4deddcb0fd8d alignnone  vc_custom_1618998693497 enable-bg-rollover dt-icon-bg-off\" ><div class=\"shortcode-single-image\"><div class=\"fancy-media-wrap  layzr-bg\" style=\"\"><img fetchpriority=\"high\" decoding=\"async\" class=\"preload-me lazy-load aspect\" src=\"data:image\/svg+xml,%3Csvg%20xmlns%3D&#39;http%3A%2F%2Fwww.w3.org%2F2000%2Fsvg&#39;%20viewBox%3D&#39;0%200%201000%20500&#39;%2F%3E\" data-src=\"https:\/\/jak-czysto.pl\/wp-content\/uploads\/2020\/04\/joel-filipe-RFDP7_80v5A-unsplash-scaled-1000x500.jpg\" data-srcset=\"https:\/\/jak-czysto.pl\/wp-content\/uploads\/2020\/04\/joel-filipe-RFDP7_80v5A-unsplash-scaled-1000x500.jpg 1000w, https:\/\/jak-czysto.pl\/wp-content\/uploads\/2020\/04\/joel-filipe-RFDP7_80v5A-unsplash-scaled-1809x904.jpg 1809w\" loading=\"eager\" sizes=\"(max-width: 1000px) 100vw, 1000px\" width=\"1000\" height=\"500\"  data-dt-location=\"https:\/\/jak-czysto.pl\/index.php\/firma-sprzatajaca-kielce\/joel-filipe-rfdp7_80v5a-unsplash\/\" style=\"--ratio: 1000 \/ 500;\" alt=\"\" \/><\/div><\/div><\/div><div id=\"ultimate-heading-662169da6d9579e51\" class=\"uvc-heading ult-adjust-bottom-margin ultimate-heading-662169da6d9579e51 uvc-1232 accent-border-color\" data-hspacer=\"line_only\"  data-halign=\"left\" style=\"text-align:left\"><div class=\"uvc-main-heading ult-responsive\"  data-ultimate-target='.uvc-heading.ultimate-heading-662169da6d9579e51 h2'  data-responsive-json-new='{\"font-size\":\"desktop:26px;\",\"line-height\":\"desktop:36px;\"}' ><h2 style=\"font-weight:bold;\">Dlaczego warto skorzysta\u0107 z naszej us\u0142ugi sprz\u0105tania nieruchomo\u015bci?<\/h2><\/div><div class=\"uvc-heading-spacer line_only\" style=\"margin-top:15px;margin-bottom:30px;height:4px;\"><span class=\"uvc-headings-line\" style=\"border-style:solid;border-bottom-width:4px;border-color:;width:50px;\"><\/span><\/div><\/div>[vc_column_text css=&#8221;.vc_custom_1618998664036{padding-bottom: 60px !important;}&#8221;]Jedn\u0105 z naszych specjalizacji jest kompleksowa obs\u0142uga w zakresie utrzymania czysto\u015bci wsp\u00f3lnot mieszkaniowych. Wymaga ona jednocze\u015bnie du\u017cego nak\u0142adu pracy oraz wszechstronnego do\u015bwiadczenia w ich realizacji.<\/p>\n<p>Zakres czynno\u015bci, kt\u00f3re nale\u017cy wykona\u0107 jest szeroki i obejmuje m.in. sprz\u0105tanie klatek schodowych wraz z ich okresowym polerowaniem, mycie okien oraz przeszkle\u0144, maszynowe mycie hali gara\u017cowej, dbanie o ziele\u0144, zimowe od\u015bnie\u017canie ci\u0105g\u00f3w komunikacyjnych i pieszych, dezynfekcja klamek, por\u0119czy oraz wind. Prawid\u0142owe wykonanie wskazanych zada\u0144 wymaga \u015bcis\u0142ego realizowania harmonogramu prac tak aby \u017caden z tych element\u00f3w nie zosta\u0142 pomini\u0119ty. Od zarz\u0105dc\u00f3w wsp\u00f3lnot mieszkaniowych jej mieszka\u0144cy w du\u017cej mierze wymagaj\u0105 m.in. dba\u0142o\u015bci o porz\u0105dek w ich najbli\u017cszym otoczeniu.<\/p>\n<p>Stanowi to nierzadko du\u017ce wyzwanie, dlatego warto skorzysta\u0107 z naszych fachowych us\u0142ug, tak aby zdj\u0105\u0107 z siebie ci\u0119\u017car i odpowiedzialno\u015b\u0107 za prawid\u0142ow\u0105 realizacj\u0119 tych zada\u0144.[\/vc_column_text][vc_separator][vc_row_inner][vc_column_inner][vc_zigzag][\/vc_column_inner][\/vc_row_inner][\/vc_column][\/vc_row][vc_row][vc_column]<div id=\"ultimate-heading-701169da6d9579e78\" class=\"uvc-heading ult-adjust-bottom-margin ultimate-heading-701169da6d9579e78 uvc-8092  uvc-heading-default-font-sizes\" data-hspacer=\"no_spacer\"  data-halign=\"center\" style=\"text-align:center\"><div class=\"uvc-heading-spacer no_spacer\" style=\"top\"><\/div><div class=\"uvc-main-heading ult-responsive\"  data-ultimate-target='.uvc-heading.ultimate-heading-701169da6d9579e78 h2'  data-responsive-json-new='{\"font-size\":\"\",\"line-height\":\"\"}' ><h2 style=\"--font-weight:theme;\">Zobacz co nas wyr\u00f3\u017cnia:<\/h2><\/div><\/div><div class=\"standard-arrow list-divider bullet-top\"><p>&nbsp;<\/p>\n<ul>\n<li>Atrakcyjny cennik zale\u017cny od powierzchni biura<\/li>\n<li>Wysoki poziom oferowanych us\u0142ug<\/li>\n<li>Sprz\u0105tanie biura wykonywane tylko przez do\u015bwiadczone osoby<\/li>\n<li>Profesjonalne i dok\u0142adne sprz\u0105tanie<\/li>\n<li>Zaufana firma sprz\u0105taj\u0105ca z do\u015bwiadczeniem.<\/li>\n<\/ul>\n<\/div>[\/vc_column][\/vc_row]<\/p>\n","protected":false},"excerpt":{"rendered":"<p>[vc_row type=&#8221;vc_default&#8221; css=&#8221;.vc_custom_1618899158990{margin-bottom: -30px !important;padding-bottom: 30px !important;}&#8221;][vc_column offset=&#8221;vc_col-lg-12 vc_col-md-12 vc_col-xs-12&#8243;][vc_column_text css=&#8221;.vc_custom_1618998664036{padding-bottom: 60px !important;}&#8221;]Jedn\u0105 z naszych specjalizacji jest kompleksowa obs\u0142uga w zakresie utrzymania czysto\u015bci wsp\u00f3lnot mieszkaniowych. Wymaga ona jednocze\u015bnie du\u017cego nak\u0142adu pracy oraz wszechstronnego do\u015bwiadczenia w ich realizacji. Zakres czynno\u015bci, kt\u00f3re nale\u017cy wykona\u0107 jest szeroki i obejmuje m.in. sprz\u0105tanie klatek schodowych wraz z ich okresowym polerowaniem,&hellip;<\/p>\n","protected":false},"author":1,"featured_media":1244,"parent":27,"menu_order":0,"comment_status":"closed","ping_status":"closed","template":"","meta":{"_monsterinsights_skip_tracking":false,"_monsterinsights_sitenote_active":false,"_monsterinsights_sitenote_note":"","_monsterinsights_sitenote_category":0,"footnotes":""},"class_list":["post-67","page","type-page","status-publish","has-post-thumbnail","hentry","description-off"],"yoast_head":"<!-- This site is optimized with the Yoast SEO plugin v17.2 - https:\/\/yoast.com\/wordpress\/plugins\/seo\/ -->\n<title>Sprz\u0105tanie osiedli mieszkaniowych, firma sprz\u0105taj\u0105ca Kielce<\/title>\n<meta name=\"description\" content=\"Jedn\u0105 z naszych specjalizacji jest kompleksowa obs\u0142uga w zakresie utrzymania czysto\u015bci wsp\u00f3lnot mieszkaniowych.\" \/>\n<meta name=\"robots\" content=\"index, follow, max-snippet:-1, max-image-preview:large, max-video-preview:-1\" \/>\n<link rel=\"canonical\" href=\"https:\/\/jak-czysto.pl\/index.php\/oferta-jak-czysto\/sprzatanie-osiedli-mieszkaniowych\/\" \/>\n<meta property=\"og:locale\" content=\"pl_PL\" \/>\n<meta property=\"og:type\" content=\"article\" \/>\n<meta property=\"og:title\" content=\"Sprz\u0105tanie osiedli mieszkaniowych, firma sprz\u0105taj\u0105ca Kielce\" \/>\n<meta property=\"og:description\" content=\"Jedn\u0105 z naszych specjalizacji jest kompleksowa obs\u0142uga w zakresie utrzymania czysto\u015bci wsp\u00f3lnot mieszkaniowych.\" \/>\n<meta property=\"og:url\" content=\"https:\/\/jak-czysto.pl\/index.php\/oferta-jak-czysto\/sprzatanie-osiedli-mieszkaniowych\/\" \/>\n<meta property=\"og:site_name\" content=\"Firma sprz\u0105taj\u0105ca, ozonowanie oraz zamg\u0142awianie | Jak Czysto!\" \/>\n<meta property=\"article:publisher\" content=\"https:\/\/www.facebook.com\/jak.czysto.kielce\" \/>\n<meta property=\"article:modified_time\" content=\"2021-04-21T09:57:12+00:00\" \/>\n<meta property=\"og:image\" content=\"https:\/\/jak-czysto.pl\/wp-content\/uploads\/2020\/04\/joel-filipe-RFDP7_80v5A-unsplash-scaled.jpg\" \/>\n\t<meta property=\"og:image:width\" content=\"1809\" \/>\n\t<meta property=\"og:image:height\" content=\"2560\" \/>\n<meta name=\"twitter:card\" content=\"summary_large_image\" \/>\n<meta name=\"twitter:label1\" content=\"Szacowany czas czytania\" \/>\n\t<meta name=\"twitter:data1\" content=\"1 minuta\" \/>\n<script type=\"application\/ld+json\" class=\"yoast-schema-graph\">{\"@context\":\"https:\/\/schema.org\",\"@graph\":[{\"@type\":\"Organization\",\"@id\":\"https:\/\/jak-czysto.pl\/#organization\",\"name\":\"jak czysto!\",\"url\":\"https:\/\/jak-czysto.pl\/\",\"sameAs\":[\"https:\/\/www.facebook.com\/jak.czysto.kielce\",\"https:\/\/www.linkedin.com\/company\/65819576\"],\"logo\":{\"@type\":\"ImageObject\",\"@id\":\"https:\/\/jak-czysto.pl\/#logo\",\"inLanguage\":\"pl-PL\",\"url\":\"https:\/\/jak-czysto.pl\/wp-content\/uploads\/2020\/05\/250x250.png\",\"contentUrl\":\"https:\/\/jak-czysto.pl\/wp-content\/uploads\/2020\/05\/250x250.png\",\"width\":250,\"height\":250,\"caption\":\"jak czysto!\"},\"image\":{\"@id\":\"https:\/\/jak-czysto.pl\/#logo\"}},{\"@type\":\"WebSite\",\"@id\":\"https:\/\/jak-czysto.pl\/#website\",\"url\":\"https:\/\/jak-czysto.pl\/\",\"name\":\"Firma sprz\\u0105taj\\u0105ca, ozonowanie oraz zamg\\u0142awianie | Jak Czysto!\",\"description\":\"Firma sprz\\u0105taj\\u0105ca w Kielcach\",\"publisher\":{\"@id\":\"https:\/\/jak-czysto.pl\/#organization\"},\"potentialAction\":[{\"@type\":\"SearchAction\",\"target\":{\"@type\":\"EntryPoint\",\"urlTemplate\":\"https:\/\/jak-czysto.pl\/?s={search_term_string}\"},\"query-input\":\"required name=search_term_string\"}],\"inLanguage\":\"pl-PL\"},{\"@type\":\"ImageObject\",\"@id\":\"https:\/\/jak-czysto.pl\/index.php\/oferta-jak-czysto\/sprzatanie-osiedli-mieszkaniowych\/#primaryimage\",\"inLanguage\":\"pl-PL\",\"url\":\"https:\/\/jak-czysto.pl\/wp-content\/uploads\/2020\/04\/joel-filipe-RFDP7_80v5A-unsplash-scaled.jpg\",\"contentUrl\":\"https:\/\/jak-czysto.pl\/wp-content\/uploads\/2020\/04\/joel-filipe-RFDP7_80v5A-unsplash-scaled.jpg\",\"width\":1809,\"height\":2560},{\"@type\":\"WebPage\",\"@id\":\"https:\/\/jak-czysto.pl\/index.php\/oferta-jak-czysto\/sprzatanie-osiedli-mieszkaniowych\/#webpage\",\"url\":\"https:\/\/jak-czysto.pl\/index.php\/oferta-jak-czysto\/sprzatanie-osiedli-mieszkaniowych\/\",\"name\":\"Sprz\\u0105tanie osiedli mieszkaniowych, firma sprz\\u0105taj\\u0105ca Kielce\",\"isPartOf\":{\"@id\":\"https:\/\/jak-czysto.pl\/#website\"},\"primaryImageOfPage\":{\"@id\":\"https:\/\/jak-czysto.pl\/index.php\/oferta-jak-czysto\/sprzatanie-osiedli-mieszkaniowych\/#primaryimage\"},\"datePublished\":\"2016-06-21T23:33:14+00:00\",\"dateModified\":\"2021-04-21T09:57:12+00:00\",\"description\":\"Jedn\\u0105 z naszych specjalizacji jest kompleksowa obs\\u0142uga w zakresie utrzymania czysto\\u015bci wsp\\u00f3lnot mieszkaniowych.\",\"breadcrumb\":{\"@id\":\"https:\/\/jak-czysto.pl\/index.php\/oferta-jak-czysto\/sprzatanie-osiedli-mieszkaniowych\/#breadcrumb\"},\"inLanguage\":\"pl-PL\",\"potentialAction\":[{\"@type\":\"ReadAction\",\"target\":[\"https:\/\/jak-czysto.pl\/index.php\/oferta-jak-czysto\/sprzatanie-osiedli-mieszkaniowych\/\"]}]},{\"@type\":\"BreadcrumbList\",\"@id\":\"https:\/\/jak-czysto.pl\/index.php\/oferta-jak-czysto\/sprzatanie-osiedli-mieszkaniowych\/#breadcrumb\",\"itemListElement\":[{\"@type\":\"ListItem\",\"position\":1,\"name\":\"Strona g\\u0142\\u00f3wna\",\"item\":\"https:\/\/jak-czysto.pl\/\"},{\"@type\":\"ListItem\",\"position\":2,\"name\":\"Oferta\",\"item\":\"https:\/\/jak-czysto.pl\/index.php\/oferta-jak-czysto\/\"},{\"@type\":\"ListItem\",\"position\":3,\"name\":\"Sprz\\u0105tanie osiedli mieszkaniowych\"}]}]}<\/script>\n<!-- \/ Yoast SEO plugin. -->","yoast_head_json":{"title":"Sprz\u0105tanie osiedli mieszkaniowych, firma sprz\u0105taj\u0105ca Kielce","description":"Jedn\u0105 z naszych specjalizacji jest kompleksowa obs\u0142uga w zakresie utrzymania czysto\u015bci wsp\u00f3lnot mieszkaniowych.","robots":{"index":"index","follow":"follow","max-snippet":"max-snippet:-1","max-image-preview":"max-image-preview:large","max-video-preview":"max-video-preview:-1"},"canonical":"https:\/\/jak-czysto.pl\/index.php\/oferta-jak-czysto\/sprzatanie-osiedli-mieszkaniowych\/","og_locale":"pl_PL","og_type":"article","og_title":"Sprz\u0105tanie osiedli mieszkaniowych, firma sprz\u0105taj\u0105ca Kielce","og_description":"Jedn\u0105 z naszych specjalizacji jest kompleksowa obs\u0142uga w zakresie utrzymania czysto\u015bci wsp\u00f3lnot mieszkaniowych.","og_url":"https:\/\/jak-czysto.pl\/index.php\/oferta-jak-czysto\/sprzatanie-osiedli-mieszkaniowych\/","og_site_name":"Firma sprz\u0105taj\u0105ca, ozonowanie oraz zamg\u0142awianie | Jak Czysto!","article_publisher":"https:\/\/www.facebook.com\/jak.czysto.kielce","article_modified_time":"2021-04-21T09:57:12+00:00","og_image":[{"width":1809,"height":2560,"url":"https:\/\/jak-czysto.pl\/wp-content\/uploads\/2020\/04\/joel-filipe-RFDP7_80v5A-unsplash-scaled.jpg","path":"\/home\/klient.dhosting.pl\/fuhwielozad\/jak-czysto.pl\/public_html\/wp-content\/uploads\/2020\/04\/joel-filipe-RFDP7_80v5A-unsplash-scaled.jpg","size":"full","id":1244,"alt":"","pixels":4631040,"type":"image\/jpeg"}],"twitter_card":"summary_large_image","twitter_misc":{"Szacowany czas czytania":"1 minuta"},"schema":{"@context":"https:\/\/schema.org","@graph":[{"@type":"Organization","@id":"https:\/\/jak-czysto.pl\/#organization","name":"jak czysto!","url":"https:\/\/jak-czysto.pl\/","sameAs":["https:\/\/www.facebook.com\/jak.czysto.kielce","https:\/\/www.linkedin.com\/company\/65819576"],"logo":{"@type":"ImageObject","@id":"https:\/\/jak-czysto.pl\/#logo","inLanguage":"pl-PL","url":"https:\/\/jak-czysto.pl\/wp-content\/uploads\/2020\/05\/250x250.png","contentUrl":"https:\/\/jak-czysto.pl\/wp-content\/uploads\/2020\/05\/250x250.png","width":250,"height":250,"caption":"jak czysto!"},"image":{"@id":"https:\/\/jak-czysto.pl\/#logo"}},{"@type":"WebSite","@id":"https:\/\/jak-czysto.pl\/#website","url":"https:\/\/jak-czysto.pl\/","name":"Firma sprz\u0105taj\u0105ca, ozonowanie oraz zamg\u0142awianie | Jak Czysto!","description":"Firma sprz\u0105taj\u0105ca w Kielcach","publisher":{"@id":"https:\/\/jak-czysto.pl\/#organization"},"potentialAction":[{"@type":"SearchAction","target":{"@type":"EntryPoint","urlTemplate":"https:\/\/jak-czysto.pl\/?s={search_term_string}"},"query-input":"required name=search_term_string"}],"inLanguage":"pl-PL"},{"@type":"ImageObject","@id":"https:\/\/jak-czysto.pl\/index.php\/oferta-jak-czysto\/sprzatanie-osiedli-mieszkaniowych\/#primaryimage","inLanguage":"pl-PL","url":"https:\/\/jak-czysto.pl\/wp-content\/uploads\/2020\/04\/joel-filipe-RFDP7_80v5A-unsplash-scaled.jpg","contentUrl":"https:\/\/jak-czysto.pl\/wp-content\/uploads\/2020\/04\/joel-filipe-RFDP7_80v5A-unsplash-scaled.jpg","width":1809,"height":2560},{"@type":"WebPage","@id":"https:\/\/jak-czysto.pl\/index.php\/oferta-jak-czysto\/sprzatanie-osiedli-mieszkaniowych\/#webpage","url":"https:\/\/jak-czysto.pl\/index.php\/oferta-jak-czysto\/sprzatanie-osiedli-mieszkaniowych\/","name":"Sprz\u0105tanie osiedli mieszkaniowych, firma sprz\u0105taj\u0105ca Kielce","isPartOf":{"@id":"https:\/\/jak-czysto.pl\/#website"},"primaryImageOfPage":{"@id":"https:\/\/jak-czysto.pl\/index.php\/oferta-jak-czysto\/sprzatanie-osiedli-mieszkaniowych\/#primaryimage"},"datePublished":"2016-06-21T23:33:14+00:00","dateModified":"2021-04-21T09:57:12+00:00","description":"Jedn\u0105 z naszych specjalizacji jest kompleksowa obs\u0142uga w zakresie utrzymania czysto\u015bci wsp\u00f3lnot mieszkaniowych.","breadcrumb":{"@id":"https:\/\/jak-czysto.pl\/index.php\/oferta-jak-czysto\/sprzatanie-osiedli-mieszkaniowych\/#breadcrumb"},"inLanguage":"pl-PL","potentialAction":[{"@type":"ReadAction","target":["https:\/\/jak-czysto.pl\/index.php\/oferta-jak-czysto\/sprzatanie-osiedli-mieszkaniowych\/"]}]},{"@type":"BreadcrumbList","@id":"https:\/\/jak-czysto.pl\/index.php\/oferta-jak-czysto\/sprzatanie-osiedli-mieszkaniowych\/#breadcrumb","itemListElement":[{"@type":"ListItem","position":1,"name":"Strona g\u0142\u00f3wna","item":"https:\/\/jak-czysto.pl\/"},{"@type":"ListItem","position":2,"name":"Oferta","item":"https:\/\/jak-czysto.pl\/index.php\/oferta-jak-czysto\/"},{"@type":"ListItem","position":3,"name":"Sprz\u0105tanie osiedli mieszkaniowych"}]}]}},"_links":{"self":[{"href":"https:\/\/jak-czysto.pl\/index.php\/wp-json\/wp\/v2\/pages\/67","targetHints":{"allow":["GET"]}}],"collection":[{"href":"https:\/\/jak-czysto.pl\/index.php\/wp-json\/wp\/v2\/pages"}],"about":[{"href":"https:\/\/jak-czysto.pl\/index.php\/wp-json\/wp\/v2\/types\/page"}],"author":[{"embeddable":true,"href":"https:\/\/jak-czysto.pl\/index.php\/wp-json\/wp\/v2\/users\/1"}],"replies":[{"embeddable":true,"href":"https:\/\/jak-czysto.pl\/index.php\/wp-json\/wp\/v2\/comments?post=67"}],"version-history":[{"count":12,"href":"https:\/\/jak-czysto.pl\/index.php\/wp-json\/wp\/v2\/pages\/67\/revisions"}],"predecessor-version":[{"id":1741,"href":"https:\/\/jak-czysto.pl\/index.php\/wp-json\/wp\/v2\/pages\/67\/revisions\/1741"}],"up":[{"embeddable":true,"href":"https:\/\/jak-czysto.pl\/index.php\/wp-json\/wp\/v2\/pages\/27"}],"wp:featuredmedia":[{"embeddable":true,"href":"https:\/\/jak-czysto.pl\/index.php\/wp-json\/wp\/v2\/media\/1244"}],"wp:attachment":[{"href":"https:\/\/jak-czysto.pl\/index.php\/wp-json\/wp\/v2\/media?parent=67"}],"curies":[{"name":"wp","href":"https:\/\/api.w.org\/{rel}","templated":true}]}}