{"id":154,"date":"2016-06-23T11:12:53","date_gmt":"2016-06-23T09:12:53","guid":{"rendered":"https:\/\/the7.io\/construction\/?page_id=154"},"modified":"2022-03-14T09:24:22","modified_gmt":"2022-03-14T08:24:22","slug":"o-nas","status":"publish","type":"page","link":"https:\/\/jak-czysto.pl\/index.php\/o-nas\/","title":{"rendered":"jak czysto!"},"content":{"rendered":"<p>[vc_row type=&#8221;vc_default&#8221; margin_top=&#8221;5&#8243; margin_bottom=&#8221;15&#8243; css=&#8221;.vc_custom_1493829267800{padding-top: 70px !important;}&#8221;][vc_column offset=&#8221;vc_col-lg-6 vc_col-md-6 vc_col-xs-12&#8243; css=&#8221;.vc_custom_1493829169670{padding-bottom: 70px !important;}&#8221;]<div id=\"ultimate-heading-235669da6d95760ba\" class=\"uvc-heading ult-adjust-bottom-margin ultimate-heading-235669da6d95760ba uvc-1859 accent-border-color\" data-hspacer=\"line_only\"  data-halign=\"left\" style=\"text-align:left\"><div class=\"uvc-main-heading ult-responsive\"  data-ultimate-target='.uvc-heading.ultimate-heading-235669da6d95760ba h1'  data-responsive-json-new='{\"font-size\":\"desktop:26px;\",\"line-height\":\"desktop:36px;\"}' ><h1 style=\"font-weight:bold;\">Czym si\u0119 zajmujemy ?<\/h1><\/div><div class=\"uvc-heading-spacer line_only\" style=\"margin-top:15px;margin-bottom:50px;height:4px;\"><span class=\"uvc-headings-line\" style=\"border-style:solid;border-bottom-width:4px;border-color:;width:50px;\"><\/span><\/div><\/div><style type=\"text\/css\" data-type=\"the7_shortcodes-inline-css\">.shortcode-single-image-wrap.shortcode-single-image-8de00a24d06d233b96df14113f1c4bbb.enable-bg-rollover .rollover i,\n.shortcode-single-image-wrap.shortcode-single-image-8de00a24d06d233b96df14113f1c4bbb.enable-bg-rollover .rollover-video i {\n  background: -webkit-linear-gradient();\n  background: linear-gradient();\n}\n.shortcode-single-image-wrap.shortcode-single-image-8de00a24d06d233b96df14113f1c4bbb .rollover-icon {\n  font-size: 32px;\n  color: #ffffff;\n  min-width: 44px;\n  min-height: 44px;\n  line-height: 44px;\n  border-radius: 100px;\n  border-style: solid;\n  border-width: 0px;\n}\n.dt-icon-bg-on.shortcode-single-image-wrap.shortcode-single-image-8de00a24d06d233b96df14113f1c4bbb .rollover-icon {\n  background: rgba(255,255,255,0.3);\n  box-shadow: none;\n}\n<\/style><div class=\"shortcode-single-image-wrap shortcode-single-image-8de00a24d06d233b96df14113f1c4bbb alignnone  vc_custom_1618556875887 enable-bg-rollover dt-icon-bg-off\" ><div class=\"shortcode-single-image\"><div class=\"fancy-media-wrap  layzr-bg\" style=\"\"><img fetchpriority=\"high\" decoding=\"async\" class=\"preload-me lazy-load aspect\" src=\"data:image\/svg+xml,%3Csvg%20xmlns%3D&#39;http%3A%2F%2Fwww.w3.org%2F2000%2Fsvg&#39;%20viewBox%3D&#39;0%200%201000%20500&#39;%2F%3E\" data-src=\"https:\/\/jak-czysto.pl\/wp-content\/uploads\/2020\/09\/2-alesia-kazantceva-VWcPlbHglYc-unsplash-scaled-e1619038490544-1000x500.jpg\" data-srcset=\"https:\/\/jak-czysto.pl\/wp-content\/uploads\/2020\/09\/2-alesia-kazantceva-VWcPlbHglYc-unsplash-scaled-e1619038490544-1000x500.jpg 1000w, https:\/\/jak-czysto.pl\/wp-content\/uploads\/2020\/09\/2-alesia-kazantceva-VWcPlbHglYc-unsplash-scaled-e1619038490544-2000x1000.jpg 2000w\" loading=\"eager\" sizes=\"(max-width: 1000px) 100vw, 1000px\" width=\"1000\" height=\"500\"  data-dt-location=\"https:\/\/jak-czysto.pl\/alesia-kazantceva-vwcplbhglyc-unsplash-jpg-2\/\" style=\"--ratio: 1000 \/ 500;\" alt=\"\" \/><\/div><\/div><\/div>[vc_column_text]Oferta firmy Jak czysto!, obejmuj\u0105ca kompleksowe us\u0142ugi sprz\u0105taj\u0105ce skierowana jest do klient\u00f3w indywidualnych, firm oraz instytucji. Gwarantujemy najwy\u017csz\u0105 jako\u015b\u0107 wsp\u00f3\u0142pracy oraz przyst\u0119pne ceny.<\/p>\n<p>Wszystkie zadania wykonujemy rzetelnie i profesjonalnie. Dbamy r\u00f3wnie\u017c o to, aby zawsze dostosowywa\u0107 si\u0119 do indywidualnych potrzeb naszych Klient\u00f3w. Realizacj\u0119 ka\u017cdego zlecenie poprzedzamy dok\u0142adnym zaplanowaniem prac, z uwzgl\u0119dnieniem specyfiki obiektu i warunk\u00f3w w nim panuj\u0105cych oraz bud\u017cetu zleceniodawcy.[\/vc_column_text][vc_empty_space]<div id=\"ultimate-heading-702269da6d9576cb9\" class=\"uvc-heading ult-adjust-bottom-margin ultimate-heading-702269da6d9576cb9 uvc-9750 accent-border-color\" data-hspacer=\"line_only\"  data-halign=\"left\" style=\"text-align:left\"><div class=\"uvc-main-heading ult-responsive\"  data-ultimate-target='.uvc-heading.ultimate-heading-702269da6d9576cb9 h2'  data-responsive-json-new='{\"font-size\":\"desktop:26px;\",\"line-height\":\"desktop:36px;\"}' ><h2 style=\"font-weight:bold;\">W\u0142a\u015bciciele<\/h2><\/div><div class=\"uvc-heading-spacer line_only\" style=\"margin-top:15px;margin-bottom:50px;height:4px;\"><span class=\"uvc-headings-line\" style=\"border-style:solid;border-bottom-width:4px;border-color:;width:50px;\"><\/span><\/div><\/div>[vc_column_text]W\u0142a\u015bciciele marki Jak Czysto!, analizuj\u0105c lokalny rynek dostrzegli nisz\u0119 w postaci deficytu nowoczesnych, ekologicznych firm oferuj\u0105cych us\u0142ugi kompleksowego sprz\u0105tania w regionie \u015bwi\u0119tokrzyskim. Takie by\u0142y pocz\u0105tki powstawania marki. Na podstawie zebranych do\u015bwiadcze\u0144 i informacji, opracowali ofert\u0119 sprz\u0105tania opart\u0105 w du\u017cej mierze o ekologiczne produkty oraz zacz\u0119\u0142a j\u0105 oferowa\u0107 klientom.[\/vc_column_text][\/vc_column][vc_column offset=&#8221;vc_col-lg-6 vc_col-md-6 vc_col-xs-12&#8243; css=&#8221;.vc_custom_1493829183360{padding-bottom: 70px !important;}&#8221;]<div id=\"ultimate-heading-481869da6d9576cdd\" class=\"uvc-heading ult-adjust-bottom-margin ultimate-heading-481869da6d9576cdd uvc-5410 accent-border-color\" data-hspacer=\"line_only\"  data-halign=\"left\" style=\"text-align:left\"><div class=\"uvc-main-heading ult-responsive\"  data-ultimate-target='.uvc-heading.ultimate-heading-481869da6d9576cdd h2'  data-responsive-json-new='{\"font-size\":\"desktop:26px;\",\"line-height\":\"desktop:36px;\"}' ><h2 style=\"font-weight:bold;\">Zasady naszej pracy<\/h2><\/div><div class=\"uvc-heading-spacer line_only\" style=\"margin-top:15px;margin-bottom:40px;height:4px;\"><span class=\"uvc-headings-line\" style=\"border-style:solid;border-bottom-width:4px;border-color:;width:50px;\"><\/span><\/div><\/div><div class=\"standard-number-list bullet-top\"><ul>\n<li>Wykwalifikowany personel.<\/li>\n<li>Profesjonalne maszyny oraz \u015brodki czyszcz\u0105ce.<\/li>\n<li>Dopasowane godziny pracy do potrzeb klient\u00f3w.<\/li>\n<\/ul>\n<\/div><div id=\"ultimate-heading-879969da6d9576d52\" class=\"uvc-heading ult-adjust-bottom-margin ultimate-heading-879969da6d9576d52 uvc-1592 accent-border-color\" data-hspacer=\"line_only\"  data-halign=\"left\" style=\"text-align:left\"><div class=\"uvc-main-heading ult-responsive\"  data-ultimate-target='.uvc-heading.ultimate-heading-879969da6d9576d52 h2'  data-responsive-json-new='{\"font-size\":\"desktop:26px;\",\"line-height\":\"desktop:36px;\"}' ><h2 style=\"font-weight:bold;margin-top:60px;\">Do\u015bwiadczenie<\/h2><\/div><div class=\"uvc-heading-spacer line_only\" style=\"margin-top:15px;margin-bottom:40px;height:4px;\"><span class=\"uvc-headings-line\" style=\"border-style:solid;border-bottom-width:4px;border-color:;width:50px;\"><\/span><\/div><\/div>[vc_progress_bar values=&#8221;%5B%7B%22label%22%3A%22Zaanga%C5%BCowanie%22%2C%22value%22%3A%22100%22%2C%22color%22%3A%22custom%22%2C%22customcolor%22%3A%22%2362abdf%22%7D%2C%7B%22label%22%3A%22Profesjonalizm%22%2C%22value%22%3A%22100%22%2C%22color%22%3A%22custom%22%2C%22customcolor%22%3A%22%23ffc000%22%7D%2C%7B%22label%22%3A%22Odpowiedzialno%C5%9B%C4%87%22%2C%22value%22%3A%22100%22%2C%22color%22%3A%22custom%22%2C%22customcolor%22%3A%22%2362abdf%22%7D%2C%7B%22label%22%3A%22Efektywno%C5%9B%C4%87%22%2C%22value%22%3A%22100%22%2C%22color%22%3A%22custom%22%2C%22customcolor%22%3A%22%23ffc000%22%7D%5D&#8221; bgcolor=&#8221;custom&#8221; options=&#8221;striped&#8221; caption_pos=&#8221;top&#8221; bgstyle=&#8221;transparent&#8221; custombgcolor=&#8221;#eeee22&#8243;][\/vc_column][\/vc_row][vc_row][vc_column]<div id=\"ultimate-heading-102569da6d9576d66\" class=\"uvc-heading ult-adjust-bottom-margin ultimate-heading-102569da6d9576d66 uvc-2584  uvc-heading-default-font-sizes\" data-hspacer=\"no_spacer\"  data-halign=\"center\" style=\"text-align:center\"><div class=\"uvc-heading-spacer no_spacer\" style=\"top\"><\/div><div class=\"uvc-main-heading ult-responsive\"  data-ultimate-target='.uvc-heading.ultimate-heading-102569da6d9576d66 h2'  data-responsive-json-new='{\"font-size\":\"\",\"line-height\":\"\"}' ><h2 style=\"--font-weight:theme;\">Partnerzy<\/h2><\/div><\/div>[\/vc_column][\/vc_row][vc_row bg_type=&#8221;bg_color&#8221; bg_override=&#8221;full&#8221; type=&#8221;vc_default&#8221; css=&#8221;.vc_custom_1619023063539{padding-top: 0px !important;}&#8221; bg_color_value=&#8221;#ffffff&#8221;][vc_column width=&#8221;1\/4&#8243;][vc_single_image image=&#8221;1658&#8243;][vc_single_image image=&#8221;1724&#8243;][vc_single_image image=&#8221;1939&#8243;][vc_single_image image=&#8221;1683&#8243;][\/vc_column][vc_column width=&#8221;1\/4&#8243;][vc_single_image image=&#8221;1626&#8243;][vc_single_image image=&#8221;1912&#8243;][vc_single_image image=&#8221;1725&#8243;][vc_single_image image=&#8221;1934&#8243;][\/vc_column][vc_column width=&#8221;1\/4&#8243;][vc_single_image image=&#8221;1493&#8243;][vc_single_image image=&#8221;1453&#8243;][vc_single_image image=&#8221;1937&#8243; img_size=&#8221;250X100&#8243;][vc_single_image image=&#8221;1728&#8243;][\/vc_column][vc_column width=&#8221;1\/4&#8243;][vc_single_image image=&#8221;1624&#8243;][vc_single_image image=&#8221;1913&#8243;][vc_single_image image=&#8221;1938&#8243;][vc_single_image image=&#8221;1915&#8243;][\/vc_column][\/vc_row][vc_row css=&#8221;.vc_custom_1619022075522{padding-top: 20px !important;padding-bottom: 20px !important;}&#8221;][vc_column][vc_single_image image=&#8221;1716&#8243; alignment=&#8221;center&#8221;][\/vc_column][\/vc_row][vc_row bg_type=&#8221;image&#8221; parallax_style=&#8221;vcpb-default&#8221; bg_image_new=&#8221;id^1475|url^https:\/\/jak-czysto.pl\/wp-content\/uploads\/2020\/06\/jonathan-velasquez-4mta-DkJUAg-unsplash-scaled.jpg|caption^null|alt^null|title^jonathan-velasquez-4mta-DkJUAg-unsplash|description^null&#8221; bg_image_repeat=&#8221;no-repeat&#8221; bg_override=&#8221;full&#8221; enable_overlay=&#8221;enable_overlay_value&#8221; overlay_color=&#8221;rgba(0,0,0,0.5)&#8221; type=&#8221;vc_default&#8221; css=&#8221;.vc_custom_1591261887249{padding-top: 70px !important;padding-bottom: 80px !important;}&#8221;][vc_column width=&#8221;2\/3&#8243;]<div id=\"ultimate-heading-103769da6d9576d7c\" class=\"uvc-heading ult-adjust-bottom-margin ultimate-heading-103769da6d9576d7c uvc-353 \" data-hspacer=\"no_spacer\"  data-halign=\"left\" style=\"text-align:left\"><div class=\"uvc-heading-spacer no_spacer\" style=\"top\"><\/div><div class=\"uvc-main-heading ult-responsive\"  data-ultimate-target='.uvc-heading.ultimate-heading-103769da6d9576d7c h2'  data-responsive-json-new='{\"font-size\":\"desktop:32px;\",\"line-height\":\"desktop:42px;\"}' ><h2 style=\"font-weight:bold;color:#ffffff;margin-bottom:20px;\">Skorzystaj z bezp\u0142atnej wyceny!<\/h2><\/div><div class=\"uvc-sub-heading ult-responsive\"  data-ultimate-target='.uvc-heading.ultimate-heading-103769da6d9576d7c .uvc-sub-heading '  data-responsive-json-new='{\"font-size\":\"desktop:18px;\",\"line-height\":\"desktop:30px;\"}'  style=\"font-weight:normal;color:#ffffff;margin-bottom:30px;\">Przy wykonywaniu us\u0142ugi gwarantujemy zastosowanie odpowiedniej technologii oraz procedur, wszystko w oparciu o wytyczne zgodne z wymogami okre\u015blonymi przez zleceniodawc\u0119.<\/div><\/div><style type=\"text\/css\" data-type=\"the7_shortcodes-inline-css\">#default-btn-d58b9cc0ed870cae7e799704f472119a.ico-right-side > i {\n  margin-right: 0px;\n  margin-left: 8px;\n}\n#default-btn-d58b9cc0ed870cae7e799704f472119a > i {\n  margin-right: 8px;\n}\n<\/style><a href=\"https:\/\/jak-czysto.pl\/index.php\/kontakt\/\" class=\"default-btn-shortcode dt-btn dt-btn-m link-hover-off btn-inline-left \" id=\"default-btn-d58b9cc0ed870cae7e799704f472119a\" title=\"Kontakt\"><span>Skontaktuj si\u0119 z nami dzisiaj!<\/span><\/a>[\/vc_column][\/vc_row][vc_row][vc_column width=&#8221;1\/4&#8243;][vc_single_image image=&#8221;1653&#8243;][\/vc_column][vc_column width=&#8221;1\/4&#8243;][vc_single_image image=&#8221;1663&#8243;][\/vc_column][vc_column width=&#8221;1\/4&#8243;][vc_single_image image=&#8221;1652&#8243;][\/vc_column][vc_column width=&#8221;1\/4&#8243;][vc_single_image image=&#8221;1650&#8243;][\/vc_column][\/vc_row]<\/p>\n","protected":false},"excerpt":{"rendered":"<p>[vc_row type=&#8221;vc_default&#8221; margin_top=&#8221;5&#8243; margin_bottom=&#8221;15&#8243; css=&#8221;.vc_custom_1493829267800{padding-top: 70px !important;}&#8221;][vc_column offset=&#8221;vc_col-lg-6 vc_col-md-6 vc_col-xs-12&#8243; css=&#8221;.vc_custom_1493829169670{padding-bottom: 70px !important;}&#8221;][vc_column_text]Oferta firmy Jak czysto!, obejmuj\u0105ca kompleksowe us\u0142ugi sprz\u0105taj\u0105ce skierowana jest do klient\u00f3w indywidualnych, firm oraz instytucji. Gwarantujemy najwy\u017csz\u0105 jako\u015b\u0107 wsp\u00f3\u0142pracy oraz przyst\u0119pne ceny. Wszystkie zadania wykonujemy rzetelnie i profesjonalnie. Dbamy r\u00f3wnie\u017c o to, aby zawsze dostosowywa\u0107 si\u0119 do indywidualnych potrzeb naszych Klient\u00f3w. Realizacj\u0119&hellip;<\/p>\n","protected":false},"author":1,"featured_media":0,"parent":0,"menu_order":1,"comment_status":"closed","ping_status":"closed","template":"","meta":{"_monsterinsights_skip_tracking":false,"_monsterinsights_sitenote_active":false,"_monsterinsights_sitenote_note":"","_monsterinsights_sitenote_category":0,"footnotes":""},"class_list":["post-154","page","type-page","status-publish","hentry","description-off"],"yoast_head":"<!-- This site is optimized with the Yoast SEO plugin v17.2 - https:\/\/yoast.com\/wordpress\/plugins\/seo\/ -->\n<title>Firma sprz\u0105taj\u0105ca, ozonowanie oraz zamg\u0142awianie | Jak Czysto!<\/title>\n<meta name=\"description\" content=\"Oferta firmy Jak czysto!, obejmuj\u0105ca kompleksowe us\u0142ugi sprz\u0105taj\u0105ce skierowana jest do klient\u00f3w indywidualnych, firm oraz instytucji.\" \/>\n<meta name=\"robots\" content=\"index, follow, max-snippet:-1, max-image-preview:large, max-video-preview:-1\" \/>\n<link rel=\"canonical\" href=\"https:\/\/jak-czysto.pl\/index.php\/o-nas\/\" \/>\n<meta property=\"og:locale\" content=\"pl_PL\" \/>\n<meta property=\"og:type\" content=\"article\" \/>\n<meta property=\"og:title\" content=\"Firma sprz\u0105taj\u0105ca, ozonowanie oraz zamg\u0142awianie | Jak Czysto!\" \/>\n<meta property=\"og:description\" content=\"Oferta firmy Jak czysto!, obejmuj\u0105ca kompleksowe us\u0142ugi sprz\u0105taj\u0105ce skierowana jest do klient\u00f3w indywidualnych, firm oraz instytucji.\" \/>\n<meta property=\"og:url\" content=\"https:\/\/jak-czysto.pl\/index.php\/o-nas\/\" \/>\n<meta property=\"og:site_name\" content=\"Firma sprz\u0105taj\u0105ca, ozonowanie oraz zamg\u0142awianie | Jak Czysto!\" \/>\n<meta property=\"article:publisher\" content=\"https:\/\/www.facebook.com\/jak.czysto.kielce\" \/>\n<meta property=\"article:modified_time\" content=\"2022-03-14T08:24:22+00:00\" \/>\n<meta name=\"twitter:card\" content=\"summary_large_image\" \/>\n<meta name=\"twitter:label1\" content=\"Szacowany czas czytania\" \/>\n\t<meta name=\"twitter:data1\" content=\"2 minuty\" \/>\n<script type=\"application\/ld+json\" class=\"yoast-schema-graph\">{\"@context\":\"https:\/\/schema.org\",\"@graph\":[{\"@type\":\"Organization\",\"@id\":\"https:\/\/jak-czysto.pl\/#organization\",\"name\":\"jak czysto!\",\"url\":\"https:\/\/jak-czysto.pl\/\",\"sameAs\":[\"https:\/\/www.facebook.com\/jak.czysto.kielce\",\"https:\/\/www.linkedin.com\/company\/65819576\"],\"logo\":{\"@type\":\"ImageObject\",\"@id\":\"https:\/\/jak-czysto.pl\/#logo\",\"inLanguage\":\"pl-PL\",\"url\":\"https:\/\/jak-czysto.pl\/wp-content\/uploads\/2020\/05\/250x250.png\",\"contentUrl\":\"https:\/\/jak-czysto.pl\/wp-content\/uploads\/2020\/05\/250x250.png\",\"width\":250,\"height\":250,\"caption\":\"jak czysto!\"},\"image\":{\"@id\":\"https:\/\/jak-czysto.pl\/#logo\"}},{\"@type\":\"WebSite\",\"@id\":\"https:\/\/jak-czysto.pl\/#website\",\"url\":\"https:\/\/jak-czysto.pl\/\",\"name\":\"Firma sprz\\u0105taj\\u0105ca, ozonowanie oraz zamg\\u0142awianie | Jak Czysto!\",\"description\":\"Firma sprz\\u0105taj\\u0105ca w Kielcach\",\"publisher\":{\"@id\":\"https:\/\/jak-czysto.pl\/#organization\"},\"potentialAction\":[{\"@type\":\"SearchAction\",\"target\":{\"@type\":\"EntryPoint\",\"urlTemplate\":\"https:\/\/jak-czysto.pl\/?s={search_term_string}\"},\"query-input\":\"required name=search_term_string\"}],\"inLanguage\":\"pl-PL\"},{\"@type\":\"WebPage\",\"@id\":\"https:\/\/jak-czysto.pl\/index.php\/o-nas\/#webpage\",\"url\":\"https:\/\/jak-czysto.pl\/index.php\/o-nas\/\",\"name\":\"Firma sprz\\u0105taj\\u0105ca, ozonowanie oraz zamg\\u0142awianie | Jak Czysto!\",\"isPartOf\":{\"@id\":\"https:\/\/jak-czysto.pl\/#website\"},\"datePublished\":\"2016-06-23T09:12:53+00:00\",\"dateModified\":\"2022-03-14T08:24:22+00:00\",\"description\":\"Oferta firmy Jak czysto!, obejmuj\\u0105ca kompleksowe us\\u0142ugi sprz\\u0105taj\\u0105ce skierowana jest do klient\\u00f3w indywidualnych, firm oraz instytucji.\",\"breadcrumb\":{\"@id\":\"https:\/\/jak-czysto.pl\/index.php\/o-nas\/#breadcrumb\"},\"inLanguage\":\"pl-PL\",\"potentialAction\":[{\"@type\":\"ReadAction\",\"target\":[\"https:\/\/jak-czysto.pl\/index.php\/o-nas\/\"]}]},{\"@type\":\"BreadcrumbList\",\"@id\":\"https:\/\/jak-czysto.pl\/index.php\/o-nas\/#breadcrumb\",\"itemListElement\":[{\"@type\":\"ListItem\",\"position\":1,\"name\":\"Strona g\\u0142\\u00f3wna\",\"item\":\"https:\/\/jak-czysto.pl\/\"},{\"@type\":\"ListItem\",\"position\":2,\"name\":\"jak czysto!\"}]}]}<\/script>\n<!-- \/ Yoast SEO plugin. -->","yoast_head_json":{"title":"Firma sprz\u0105taj\u0105ca, ozonowanie oraz zamg\u0142awianie | Jak Czysto!","description":"Oferta firmy Jak czysto!, obejmuj\u0105ca kompleksowe us\u0142ugi sprz\u0105taj\u0105ce skierowana jest do klient\u00f3w indywidualnych, firm oraz instytucji.","robots":{"index":"index","follow":"follow","max-snippet":"max-snippet:-1","max-image-preview":"max-image-preview:large","max-video-preview":"max-video-preview:-1"},"canonical":"https:\/\/jak-czysto.pl\/index.php\/o-nas\/","og_locale":"pl_PL","og_type":"article","og_title":"Firma sprz\u0105taj\u0105ca, ozonowanie oraz zamg\u0142awianie | Jak Czysto!","og_description":"Oferta firmy Jak czysto!, obejmuj\u0105ca kompleksowe us\u0142ugi sprz\u0105taj\u0105ce skierowana jest do klient\u00f3w indywidualnych, firm oraz instytucji.","og_url":"https:\/\/jak-czysto.pl\/index.php\/o-nas\/","og_site_name":"Firma sprz\u0105taj\u0105ca, ozonowanie oraz zamg\u0142awianie | Jak Czysto!","article_publisher":"https:\/\/www.facebook.com\/jak.czysto.kielce","article_modified_time":"2022-03-14T08:24:22+00:00","twitter_card":"summary_large_image","twitter_misc":{"Szacowany czas czytania":"2 minuty"},"schema":{"@context":"https:\/\/schema.org","@graph":[{"@type":"Organization","@id":"https:\/\/jak-czysto.pl\/#organization","name":"jak czysto!","url":"https:\/\/jak-czysto.pl\/","sameAs":["https:\/\/www.facebook.com\/jak.czysto.kielce","https:\/\/www.linkedin.com\/company\/65819576"],"logo":{"@type":"ImageObject","@id":"https:\/\/jak-czysto.pl\/#logo","inLanguage":"pl-PL","url":"https:\/\/jak-czysto.pl\/wp-content\/uploads\/2020\/05\/250x250.png","contentUrl":"https:\/\/jak-czysto.pl\/wp-content\/uploads\/2020\/05\/250x250.png","width":250,"height":250,"caption":"jak czysto!"},"image":{"@id":"https:\/\/jak-czysto.pl\/#logo"}},{"@type":"WebSite","@id":"https:\/\/jak-czysto.pl\/#website","url":"https:\/\/jak-czysto.pl\/","name":"Firma sprz\u0105taj\u0105ca, ozonowanie oraz zamg\u0142awianie | Jak Czysto!","description":"Firma sprz\u0105taj\u0105ca w Kielcach","publisher":{"@id":"https:\/\/jak-czysto.pl\/#organization"},"potentialAction":[{"@type":"SearchAction","target":{"@type":"EntryPoint","urlTemplate":"https:\/\/jak-czysto.pl\/?s={search_term_string}"},"query-input":"required name=search_term_string"}],"inLanguage":"pl-PL"},{"@type":"WebPage","@id":"https:\/\/jak-czysto.pl\/index.php\/o-nas\/#webpage","url":"https:\/\/jak-czysto.pl\/index.php\/o-nas\/","name":"Firma sprz\u0105taj\u0105ca, ozonowanie oraz zamg\u0142awianie | Jak Czysto!","isPartOf":{"@id":"https:\/\/jak-czysto.pl\/#website"},"datePublished":"2016-06-23T09:12:53+00:00","dateModified":"2022-03-14T08:24:22+00:00","description":"Oferta firmy Jak czysto!, obejmuj\u0105ca kompleksowe us\u0142ugi sprz\u0105taj\u0105ce skierowana jest do klient\u00f3w indywidualnych, firm oraz instytucji.","breadcrumb":{"@id":"https:\/\/jak-czysto.pl\/index.php\/o-nas\/#breadcrumb"},"inLanguage":"pl-PL","potentialAction":[{"@type":"ReadAction","target":["https:\/\/jak-czysto.pl\/index.php\/o-nas\/"]}]},{"@type":"BreadcrumbList","@id":"https:\/\/jak-czysto.pl\/index.php\/o-nas\/#breadcrumb","itemListElement":[{"@type":"ListItem","position":1,"name":"Strona g\u0142\u00f3wna","item":"https:\/\/jak-czysto.pl\/"},{"@type":"ListItem","position":2,"name":"jak czysto!"}]}]}},"_links":{"self":[{"href":"https:\/\/jak-czysto.pl\/index.php\/wp-json\/wp\/v2\/pages\/154","targetHints":{"allow":["GET"]}}],"collection":[{"href":"https:\/\/jak-czysto.pl\/index.php\/wp-json\/wp\/v2\/pages"}],"about":[{"href":"https:\/\/jak-czysto.pl\/index.php\/wp-json\/wp\/v2\/types\/page"}],"author":[{"embeddable":true,"href":"https:\/\/jak-czysto.pl\/index.php\/wp-json\/wp\/v2\/users\/1"}],"replies":[{"embeddable":true,"href":"https:\/\/jak-czysto.pl\/index.php\/wp-json\/wp\/v2\/comments?post=154"}],"version-history":[{"count":116,"href":"https:\/\/jak-czysto.pl\/index.php\/wp-json\/wp\/v2\/pages\/154\/revisions"}],"predecessor-version":[{"id":1359,"href":"https:\/\/jak-czysto.pl\/index.php\/wp-json\/wp\/v2\/pages\/154\/revisions\/1359"}],"wp:attachment":[{"href":"https:\/\/jak-czysto.pl\/index.php\/wp-json\/wp\/v2\/media?parent=154"}],"curies":[{"name":"wp","href":"https:\/\/api.w.org\/{rel}","templated":true}]}}