{"id":1528,"date":"2020-06-15T00:24:57","date_gmt":"2020-06-14T22:24:57","guid":{"rendered":"http:\/\/jak-czysto.pl\/?page_id=1528"},"modified":"2021-04-20T08:12:42","modified_gmt":"2021-04-20T06:12:42","slug":"sprzatanie-powierzchni-biurowych","status":"publish","type":"page","link":"https:\/\/jak-czysto.pl\/index.php\/sprzatanie-powierzchni-biurowych\/","title":{"rendered":"Sprz\u0105tanie powierzchni biurowych !"},"content":{"rendered":"<p>[vc_row type=&#8221;vc_default&#8221; css=&#8221;.vc_custom_1618899158990{margin-bottom: -30px !important;padding-bottom: 30px !important;}&#8221;][vc_column offset=&#8221;vc_col-lg-12 vc_col-md-12 vc_col-xs-12&#8243;]<style type=\"text\/css\" data-type=\"the7_shortcodes-inline-css\">.shortcode-single-image-wrap.shortcode-single-image-74c585add63bbb0d2d59d7ed2b8ffe43.enable-bg-rollover .rollover i,\n.shortcode-single-image-wrap.shortcode-single-image-74c585add63bbb0d2d59d7ed2b8ffe43.enable-bg-rollover .rollover-video i {\n  background: ;\n  background: -webkit-linear-gradient();\n  background: linear-gradient();\n}\n.shortcode-single-image-wrap.shortcode-single-image-74c585add63bbb0d2d59d7ed2b8ffe43 .rollover-icon {\n  font-size: 32px;\n  color: #ffffff;\n  min-width: 44px;\n  min-height: 44px;\n  line-height: 44px;\n  border-radius: 100px;\n  border-style: solid;\n  border-width: 0px;\n}\n.dt-icon-bg-on.shortcode-single-image-wrap.shortcode-single-image-74c585add63bbb0d2d59d7ed2b8ffe43 .rollover-icon {\n  background: rgba(255,255,255,0.3);\n  box-shadow: none;\n}\n<\/style><div class=\"shortcode-single-image-wrap shortcode-single-image-74c585add63bbb0d2d59d7ed2b8ffe43 alignnone  vc_custom_1592170343052 enable-bg-rollover dt-icon-bg-off\" ><div class=\"shortcode-single-image\"><div class=\"fancy-media-wrap  layzr-bg\" style=\"\"><img fetchpriority=\"high\" decoding=\"async\" class=\"preload-me lazy-load aspect\" src=\"data:image\/svg+xml,%3Csvg%20xmlns%3D&#39;http%3A%2F%2Fwww.w3.org%2F2000%2Fsvg&#39;%20viewBox%3D&#39;0%200%201000%20500&#39;%2F%3E\" data-src=\"https:\/\/jak-czysto.pl\/wp-content\/uploads\/2020\/04\/benjamin-child-GWe0dlVD9e0-unsplash-scaled-1000x500.jpg\" data-srcset=\"https:\/\/jak-czysto.pl\/wp-content\/uploads\/2020\/04\/benjamin-child-GWe0dlVD9e0-unsplash-scaled-1000x500.jpg 1000w, https:\/\/jak-czysto.pl\/wp-content\/uploads\/2020\/04\/benjamin-child-GWe0dlVD9e0-unsplash-scaled-2000x1000.jpg 2000w\" loading=\"eager\" sizes=\"(max-width: 1000px) 100vw, 1000px\" width=\"1000\" height=\"500\"  data-dt-location=\"https:\/\/jak-czysto.pl\/index.php\/firma-sprzatajaca-kielce\/benjamin-child-gwe0dlvd9e0-unsplash\/\" style=\"--ratio: 1000 \/ 500;\" alt=\"\" \/><\/div><\/div><\/div><div id=\"ultimate-heading-911269da6e2080da3\" class=\"uvc-heading ult-adjust-bottom-margin ultimate-heading-911269da6e2080da3 uvc-2485 accent-border-color\" data-hspacer=\"line_only\"  data-halign=\"left\" style=\"text-align:left\"><div class=\"uvc-main-heading ult-responsive\"  data-ultimate-target='.uvc-heading.ultimate-heading-911269da6e2080da3 h2'  data-responsive-json-new='{\"font-size\":\"desktop:26px;\",\"line-height\":\"desktop:36px;\"}' ><h2 style=\"font-weight:bold;\">Dlaczego warto skorzysta\u0107 z naszej us\u0142ugi sprz\u0105tania biur?<\/h2><\/div><div class=\"uvc-heading-spacer line_only\" style=\"margin-top:15px;margin-bottom:30px;height:4px;\"><span class=\"uvc-headings-line\" style=\"border-style:solid;border-bottom-width:4px;border-color:;width:50px;\"><\/span><\/div><\/div>[vc_column_text css=&#8221;.vc_custom_1618899078250{padding-bottom: 60px !important;}&#8221;]<\/p>\n<h3><\/h3>\n<div class=\"_1i6a\">\n<div class=\"_4po3 _4poa\">\n<div class=\"_4po5\">\n<div class=\"_4po8\">\n<div class=\"_4po9\">\n<div class=\"_4tdt _ua1\">\n<div class=\"_ua2\">\n<div class=\"_4tdv\">\n<div class=\"_5wd4 _1nc7\">\n<div class=\"._1dlq _h8t\">\n<div class=\"_5wd9 direction_ltr clearfix\">\n<div class=\"_1e-x _n4o\">\n<div class=\"_3_bl\">\n<div class=\"_5w1r _3_om _5wdf\">\n<div class=\"_4gx_\">\n<div class=\"_1aa6\"><strong>Sprz\u0105tanie biur wykonywane przez firm\u0119 Jak czysto! to gwarancja uczciwo\u015bci, bezpiecze\u0144stwa i atrakcyjnej ceny.<\/strong><\/div>\n<\/div>\n<\/div>\n<div class=\"_5w1r _3_om _5wdf\">\n<div class=\"_4gx_\">\n<div class=\"_1aa6\">\n<div class=\"\">\n<p>Do sprz\u0105tania obiekt\u00f3w biurowych w naszej firmie oddelegowani s\u0105 sprawdzeni i zaufani pracownicy. Dzi\u0119ki temu nie musisz obawia\u0107 si\u0119 o bezpiecze\u0144stwo twoich dokument\u00f3w czy komputer\u00f3w \u2013 nam mo\u017cesz zaufa\u0107.<\/p>\n<p>Zawsze wychodzimy klientowi na przeciw, dlatego ofert\u0119 sprz\u0105tania dobierzemy tak, aby spe\u0142ni\u0107 Twoje oczekiwania jednocze\u015bnie zapewniaj\u0105c atrakcyjny cennik sprz\u0105tania biura.<\/p>\n<p>Je\u015bli jeste\u015b w\u0142a\u015bcicielem biura lub zarz\u0105dzasz biurem, w kt\u00f3rym pracujesz, skontaktuj si\u0119 z nami. Wsp\u00f3lnie z Tob\u0105 dobierzemy ofert\u0119 sprz\u0105tania optymalnie dobran\u0105 do Twoich potrzeb.<\/p>\n<p>Oferujemy us\u0142ugi zar\u00f3wno jednorazowe jak i cykliczne.Zakres wykonywanych czynno\u015bci okre\u015blaj\u0105 dwa pakiety: podstawowy lub rozszerzony. Szczeg\u00f3\u0142owy ich zakres znajdziesz poni\u017cej.<\/p>\n<\/div>\n<\/div>\n<\/div>\n<\/div>\n<\/div>\n<\/div>\n<\/div>\n<\/div>\n<\/div>\n<\/div>\n<\/div>\n<\/div>\n<\/div>\n<\/div>\n<\/div>\n<\/div>\n<\/div>\n<p>[\/vc_column_text]<div id=\"ultimate-heading-763369da6e2080dd2\" class=\"uvc-heading ult-adjust-bottom-margin ultimate-heading-763369da6e2080dd2 uvc-3287 accent-border-color\" data-hspacer=\"line_only\"  data-halign=\"left\" style=\"text-align:left\"><div class=\"uvc-main-heading ult-responsive\"  data-ultimate-target='.uvc-heading.ultimate-heading-763369da6e2080dd2 h2'  data-responsive-json-new='{\"font-size\":\"desktop:26px;\",\"line-height\":\"desktop:36px;\"}' ><h2 style=\"font-weight:bold;\">Wybierz sw\u00f3j pakiet<\/h2><\/div><div class=\"uvc-heading-spacer line_only\" style=\"margin-top:15px;margin-bottom:40px;height:4px;\"><span class=\"uvc-headings-line\" style=\"border-style:solid;border-bottom-width:4px;border-color:;width:50px;\"><\/span><\/div><\/div>[vc_accordion active_tab=&#8221;false&#8221; style=&#8221;2&#8243;][vc_accordion_tab title=&#8221;Pakiet podstawowy&#8221;][vc_column_text css=&#8221;.vc_custom_1593376329323{background-color: #ffffff !important;}&#8221;]<strong>Zobacz nasz przyk\u0142adowy zakres sprz\u0105tania w pakiecie standardowym:<\/strong><\/p>\n<ul>\n<li>odkurzanie wyk\u0142adzin oraz dywan\u00f3w<\/li>\n<li>usuwanie kurzu z biurek, mebli, parapet\u00f3w, p\u00f3\u0142ek, szafek, komputer\u00f3w,<\/li>\n<li>bie\u017c\u0105ce uzupe\u0142nianie artyku\u0142\u00f3w higienicznych (myd\u0142o, r\u0119czniki papierowe, papier toaletowy)<\/li>\n<li>zamiatanie i mycie pod\u0142\u00f3g<\/li>\n<li>opr\u00f3\u017cnianie koszy i wymian work\u00f3w<\/li>\n<li>czyszczenie ekran\u00f3w LCD i CRT<\/li>\n<li>sprz\u0105tanie pomieszcze\u0144 socjalnych<\/li>\n<li>sprz\u0105tanie toalet<\/li>\n<\/ul>\n<p>[\/vc_column_text][\/vc_accordion_tab][vc_accordion_tab title=&#8221;Pakiet rozszerzony&#8221;][vc_column_text css=&#8221;.vc_custom_1593376316944{background-color: #ffffff !important;}&#8221;]<strong>Sprawd\u017a nasze dodatkowe us\u0142ugi w pakiecie rozszerzonym:<\/strong><\/p>\n<ul>\n<li>Dezynfekowanie powierzchni odpowiednimi certyfikowanymi \u015brodkami<\/li>\n<li>Sprz\u0105tanie wy\u0142\u0105cznie z zastosowaniem \u015brodk\u00f3w ekologicznych<\/li>\n<li>Profesjonalne ozonowanie pomieszcze\u0144<\/li>\n<li>Mycie wysoko\u015bciowe: okien, witryn, elewacji, szyld\u00f3w<\/li>\n<li>Wewn\u0119trzne mycie trudno dost\u0119pnych powierzchni szklanych<\/li>\n<li>Piel\u0119gnacja teren\u00f3w zielonych<\/li>\n<\/ul>\n<p>[\/vc_column_text][\/vc_accordion_tab][\/vc_accordion][vc_separator][vc_row_inner][vc_column_inner][vc_zigzag][\/vc_column_inner][\/vc_row_inner][\/vc_column][\/vc_row][vc_row][vc_column]<div id=\"ultimate-heading-242569da6e2080df2\" class=\"uvc-heading ult-adjust-bottom-margin ultimate-heading-242569da6e2080df2 uvc-9889  uvc-heading-default-font-sizes\" data-hspacer=\"no_spacer\"  data-halign=\"center\" style=\"text-align:center\"><div class=\"uvc-heading-spacer no_spacer\" style=\"top\"><\/div><div class=\"uvc-main-heading ult-responsive\"  data-ultimate-target='.uvc-heading.ultimate-heading-242569da6e2080df2 h2'  data-responsive-json-new='{\"font-size\":\"\",\"line-height\":\"\"}' ><h2 style=\"--font-weight:theme;\">Zobacz co nas wyr\u00f3\u017cnia:<\/h2><\/div><\/div><div class=\"standard-arrow list-divider bullet-top\"><p>&nbsp;<\/p>\n<ul>\n<li>Atrakcyjny cennik zale\u017cny od powierzchni biura<\/li>\n<li>Wysoki poziom oferowanych us\u0142ug<\/li>\n<li>Sprz\u0105tanie biura wykonywane tylko przez do\u015bwiadczone osoby<\/li>\n<li>Profesjonalne i dok\u0142adne sprz\u0105tanie<\/li>\n<li>Zaufana firma sprz\u0105taj\u0105ca z do\u015bwiadczeniem.<\/li>\n<\/ul>\n<\/div>[\/vc_column][\/vc_row]<\/p>\n","protected":false},"excerpt":{"rendered":"<p>[vc_row type=&#8221;vc_default&#8221; css=&#8221;.vc_custom_1618899158990{margin-bottom: -30px !important;padding-bottom: 30px !important;}&#8221;][vc_column offset=&#8221;vc_col-lg-12 vc_col-md-12 vc_col-xs-12&#8243;][vc_column_text css=&#8221;.vc_custom_1618899078250{padding-bottom: 60px !important;}&#8221;] Sprz\u0105tanie biur wykonywane przez firm\u0119 Jak czysto! to gwarancja uczciwo\u015bci, bezpiecze\u0144stwa i atrakcyjnej ceny. Do sprz\u0105tania obiekt\u00f3w biurowych w naszej firmie oddelegowani s\u0105 sprawdzeni i zaufani pracownicy. Dzi\u0119ki temu nie musisz obawia\u0107 si\u0119 o bezpiecze\u0144stwo twoich dokument\u00f3w czy komputer\u00f3w \u2013 nam mo\u017cesz&hellip;<\/p>\n","protected":false},"author":1,"featured_media":0,"parent":0,"menu_order":0,"comment_status":"closed","ping_status":"closed","template":"","meta":{"_monsterinsights_skip_tracking":false,"_monsterinsights_sitenote_active":false,"_monsterinsights_sitenote_note":"","_monsterinsights_sitenote_category":0,"footnotes":""},"class_list":["post-1528","page","type-page","status-publish","hentry","description-off"],"yoast_head":"<!-- This site is optimized with the Yoast SEO plugin v17.2 - https:\/\/yoast.com\/wordpress\/plugins\/seo\/ -->\n<title>Sprz\u0105tanie powierzchni biurowych !<\/title>\n<meta name=\"description\" content=\"Do sprz\u0105tania obiekt\u00f3w biurowych w naszej firmie oddelegowani s\u0105 sprawdzeni i zaufani pracownicy. Zaufaj nam i skorzystaj z naszych us\u0142ug.\" \/>\n<meta name=\"robots\" content=\"index, follow, max-snippet:-1, max-image-preview:large, max-video-preview:-1\" \/>\n<link rel=\"canonical\" href=\"https:\/\/jak-czysto.pl\/index.php\/sprzatanie-powierzchni-biurowych\/\" \/>\n<meta property=\"og:locale\" content=\"pl_PL\" \/>\n<meta property=\"og:type\" content=\"article\" \/>\n<meta property=\"og:title\" content=\"Sprz\u0105tanie powierzchni biurowych !\" \/>\n<meta property=\"og:description\" content=\"Do sprz\u0105tania obiekt\u00f3w biurowych w naszej firmie oddelegowani s\u0105 sprawdzeni i zaufani pracownicy. Zaufaj nam i skorzystaj z naszych us\u0142ug.\" \/>\n<meta property=\"og:url\" content=\"https:\/\/jak-czysto.pl\/index.php\/sprzatanie-powierzchni-biurowych\/\" \/>\n<meta property=\"og:site_name\" content=\"Firma sprz\u0105taj\u0105ca, ozonowanie oraz zamg\u0142awianie | Jak Czysto!\" \/>\n<meta property=\"article:publisher\" content=\"https:\/\/www.facebook.com\/jak.czysto.kielce\" \/>\n<meta property=\"article:modified_time\" content=\"2021-04-20T06:12:42+00:00\" \/>\n<meta name=\"twitter:card\" content=\"summary_large_image\" \/>\n<meta name=\"twitter:label1\" content=\"Szacowany czas czytania\" \/>\n\t<meta name=\"twitter:data1\" content=\"2 minuty\" \/>\n<script type=\"application\/ld+json\" class=\"yoast-schema-graph\">{\"@context\":\"https:\/\/schema.org\",\"@graph\":[{\"@type\":\"Organization\",\"@id\":\"https:\/\/jak-czysto.pl\/#organization\",\"name\":\"jak czysto!\",\"url\":\"https:\/\/jak-czysto.pl\/\",\"sameAs\":[\"https:\/\/www.facebook.com\/jak.czysto.kielce\",\"https:\/\/www.linkedin.com\/company\/65819576\"],\"logo\":{\"@type\":\"ImageObject\",\"@id\":\"https:\/\/jak-czysto.pl\/#logo\",\"inLanguage\":\"pl-PL\",\"url\":\"https:\/\/jak-czysto.pl\/wp-content\/uploads\/2020\/05\/250x250.png\",\"contentUrl\":\"https:\/\/jak-czysto.pl\/wp-content\/uploads\/2020\/05\/250x250.png\",\"width\":250,\"height\":250,\"caption\":\"jak czysto!\"},\"image\":{\"@id\":\"https:\/\/jak-czysto.pl\/#logo\"}},{\"@type\":\"WebSite\",\"@id\":\"https:\/\/jak-czysto.pl\/#website\",\"url\":\"https:\/\/jak-czysto.pl\/\",\"name\":\"Firma sprz\\u0105taj\\u0105ca, ozonowanie oraz zamg\\u0142awianie | Jak Czysto!\",\"description\":\"Firma sprz\\u0105taj\\u0105ca w Kielcach\",\"publisher\":{\"@id\":\"https:\/\/jak-czysto.pl\/#organization\"},\"potentialAction\":[{\"@type\":\"SearchAction\",\"target\":{\"@type\":\"EntryPoint\",\"urlTemplate\":\"https:\/\/jak-czysto.pl\/?s={search_term_string}\"},\"query-input\":\"required name=search_term_string\"}],\"inLanguage\":\"pl-PL\"},{\"@type\":\"WebPage\",\"@id\":\"https:\/\/jak-czysto.pl\/index.php\/sprzatanie-powierzchni-biurowych\/#webpage\",\"url\":\"https:\/\/jak-czysto.pl\/index.php\/sprzatanie-powierzchni-biurowych\/\",\"name\":\"Sprz\\u0105tanie powierzchni biurowych !\",\"isPartOf\":{\"@id\":\"https:\/\/jak-czysto.pl\/#website\"},\"datePublished\":\"2020-06-14T22:24:57+00:00\",\"dateModified\":\"2021-04-20T06:12:42+00:00\",\"description\":\"Do sprz\\u0105tania obiekt\\u00f3w biurowych w naszej firmie oddelegowani s\\u0105 sprawdzeni i zaufani pracownicy. Zaufaj nam i skorzystaj z naszych us\\u0142ug.\",\"breadcrumb\":{\"@id\":\"https:\/\/jak-czysto.pl\/index.php\/sprzatanie-powierzchni-biurowych\/#breadcrumb\"},\"inLanguage\":\"pl-PL\",\"potentialAction\":[{\"@type\":\"ReadAction\",\"target\":[\"https:\/\/jak-czysto.pl\/index.php\/sprzatanie-powierzchni-biurowych\/\"]}]},{\"@type\":\"BreadcrumbList\",\"@id\":\"https:\/\/jak-czysto.pl\/index.php\/sprzatanie-powierzchni-biurowych\/#breadcrumb\",\"itemListElement\":[{\"@type\":\"ListItem\",\"position\":1,\"name\":\"Strona g\\u0142\\u00f3wna\",\"item\":\"https:\/\/jak-czysto.pl\/\"},{\"@type\":\"ListItem\",\"position\":2,\"name\":\"Sprz\\u0105tanie powierzchni biurowych !\"}]}]}<\/script>\n<!-- \/ Yoast SEO plugin. -->","yoast_head_json":{"title":"Sprz\u0105tanie powierzchni biurowych !","description":"Do sprz\u0105tania obiekt\u00f3w biurowych w naszej firmie oddelegowani s\u0105 sprawdzeni i zaufani pracownicy. Zaufaj nam i skorzystaj z naszych us\u0142ug.","robots":{"index":"index","follow":"follow","max-snippet":"max-snippet:-1","max-image-preview":"max-image-preview:large","max-video-preview":"max-video-preview:-1"},"canonical":"https:\/\/jak-czysto.pl\/index.php\/sprzatanie-powierzchni-biurowych\/","og_locale":"pl_PL","og_type":"article","og_title":"Sprz\u0105tanie powierzchni biurowych !","og_description":"Do sprz\u0105tania obiekt\u00f3w biurowych w naszej firmie oddelegowani s\u0105 sprawdzeni i zaufani pracownicy. Zaufaj nam i skorzystaj z naszych us\u0142ug.","og_url":"https:\/\/jak-czysto.pl\/index.php\/sprzatanie-powierzchni-biurowych\/","og_site_name":"Firma sprz\u0105taj\u0105ca, ozonowanie oraz zamg\u0142awianie | Jak Czysto!","article_publisher":"https:\/\/www.facebook.com\/jak.czysto.kielce","article_modified_time":"2021-04-20T06:12:42+00:00","twitter_card":"summary_large_image","twitter_misc":{"Szacowany czas czytania":"2 minuty"},"schema":{"@context":"https:\/\/schema.org","@graph":[{"@type":"Organization","@id":"https:\/\/jak-czysto.pl\/#organization","name":"jak czysto!","url":"https:\/\/jak-czysto.pl\/","sameAs":["https:\/\/www.facebook.com\/jak.czysto.kielce","https:\/\/www.linkedin.com\/company\/65819576"],"logo":{"@type":"ImageObject","@id":"https:\/\/jak-czysto.pl\/#logo","inLanguage":"pl-PL","url":"https:\/\/jak-czysto.pl\/wp-content\/uploads\/2020\/05\/250x250.png","contentUrl":"https:\/\/jak-czysto.pl\/wp-content\/uploads\/2020\/05\/250x250.png","width":250,"height":250,"caption":"jak czysto!"},"image":{"@id":"https:\/\/jak-czysto.pl\/#logo"}},{"@type":"WebSite","@id":"https:\/\/jak-czysto.pl\/#website","url":"https:\/\/jak-czysto.pl\/","name":"Firma sprz\u0105taj\u0105ca, ozonowanie oraz zamg\u0142awianie | Jak Czysto!","description":"Firma sprz\u0105taj\u0105ca w Kielcach","publisher":{"@id":"https:\/\/jak-czysto.pl\/#organization"},"potentialAction":[{"@type":"SearchAction","target":{"@type":"EntryPoint","urlTemplate":"https:\/\/jak-czysto.pl\/?s={search_term_string}"},"query-input":"required name=search_term_string"}],"inLanguage":"pl-PL"},{"@type":"WebPage","@id":"https:\/\/jak-czysto.pl\/index.php\/sprzatanie-powierzchni-biurowych\/#webpage","url":"https:\/\/jak-czysto.pl\/index.php\/sprzatanie-powierzchni-biurowych\/","name":"Sprz\u0105tanie powierzchni biurowych !","isPartOf":{"@id":"https:\/\/jak-czysto.pl\/#website"},"datePublished":"2020-06-14T22:24:57+00:00","dateModified":"2021-04-20T06:12:42+00:00","description":"Do sprz\u0105tania obiekt\u00f3w biurowych w naszej firmie oddelegowani s\u0105 sprawdzeni i zaufani pracownicy. Zaufaj nam i skorzystaj z naszych us\u0142ug.","breadcrumb":{"@id":"https:\/\/jak-czysto.pl\/index.php\/sprzatanie-powierzchni-biurowych\/#breadcrumb"},"inLanguage":"pl-PL","potentialAction":[{"@type":"ReadAction","target":["https:\/\/jak-czysto.pl\/index.php\/sprzatanie-powierzchni-biurowych\/"]}]},{"@type":"BreadcrumbList","@id":"https:\/\/jak-czysto.pl\/index.php\/sprzatanie-powierzchni-biurowych\/#breadcrumb","itemListElement":[{"@type":"ListItem","position":1,"name":"Strona g\u0142\u00f3wna","item":"https:\/\/jak-czysto.pl\/"},{"@type":"ListItem","position":2,"name":"Sprz\u0105tanie powierzchni biurowych !"}]}]}},"_links":{"self":[{"href":"https:\/\/jak-czysto.pl\/index.php\/wp-json\/wp\/v2\/pages\/1528","targetHints":{"allow":["GET"]}}],"collection":[{"href":"https:\/\/jak-czysto.pl\/index.php\/wp-json\/wp\/v2\/pages"}],"about":[{"href":"https:\/\/jak-czysto.pl\/index.php\/wp-json\/wp\/v2\/types\/page"}],"author":[{"embeddable":true,"href":"https:\/\/jak-czysto.pl\/index.php\/wp-json\/wp\/v2\/users\/1"}],"replies":[{"embeddable":true,"href":"https:\/\/jak-czysto.pl\/index.php\/wp-json\/wp\/v2\/comments?post=1528"}],"version-history":[{"count":20,"href":"https:\/\/jak-czysto.pl\/index.php\/wp-json\/wp\/v2\/pages\/1528\/revisions"}],"predecessor-version":[{"id":1682,"href":"https:\/\/jak-czysto.pl\/index.php\/wp-json\/wp\/v2\/pages\/1528\/revisions\/1682"}],"wp:attachment":[{"href":"https:\/\/jak-czysto.pl\/index.php\/wp-json\/wp\/v2\/media?parent=1528"}],"curies":[{"name":"wp","href":"https:\/\/api.w.org\/{rel}","templated":true}]}}