{"id":1500,"date":"2020-06-14T18:27:35","date_gmt":"2020-06-14T16:27:35","guid":{"rendered":"http:\/\/jak-czysto.pl\/?page_id=1500"},"modified":"2021-07-15T14:51:19","modified_gmt":"2021-07-15T12:51:19","slug":"pranie-dywanow-oraz-wykladzin","status":"publish","type":"page","link":"https:\/\/jak-czysto.pl\/index.php\/pranie-dywanow-oraz-wykladzin\/","title":{"rendered":"Pranie dywan\u00f3w oraz wyk\u0142adzin"},"content":{"rendered":"<p>[vc_row bg_type=&#8221;bg_color&#8221; type=&#8221;vc_default&#8221; css=&#8221;.vc_custom_1592169494045{margin-bottom: -30px !important;padding-bottom: 30px !important;}&#8221; bg_color_value=&#8221;#ffffff&#8221;][vc_column offset=&#8221;vc_col-lg-12 vc_col-md-12 vc_col-xs-12&#8243;]<style type=\"text\/css\" data-type=\"the7_shortcodes-inline-css\">.shortcode-single-image-wrap.shortcode-single-image-8199198301a74ca05e3825e0c4342039.enable-bg-rollover .rollover i,\n.shortcode-single-image-wrap.shortcode-single-image-8199198301a74ca05e3825e0c4342039.enable-bg-rollover .rollover-video i {\n  background: -webkit-linear-gradient();\n  background: linear-gradient();\n}\n.shortcode-single-image-wrap.shortcode-single-image-8199198301a74ca05e3825e0c4342039 .rollover-icon {\n  font-size: 32px;\n  color: #ffffff;\n  min-width: 44px;\n  min-height: 44px;\n  line-height: 44px;\n  border-radius: 100px;\n  border-style: solid;\n  border-width: 0px;\n}\n.dt-icon-bg-on.shortcode-single-image-wrap.shortcode-single-image-8199198301a74ca05e3825e0c4342039 .rollover-icon {\n  background: rgba(255,255,255,0.3);\n  box-shadow: none;\n}\n<\/style><div class=\"shortcode-single-image-wrap shortcode-single-image-8199198301a74ca05e3825e0c4342039 alignnone  vc_custom_1626353420565 enable-bg-rollover dt-icon-bg-off\" ><div class=\"shortcode-single-image\"><div class=\"fancy-media-wrap  layzr-bg\" style=\"\"><img fetchpriority=\"high\" decoding=\"async\" class=\"preload-me lazy-load aspect\" src=\"data:image\/svg+xml,%3Csvg%20xmlns%3D&#39;http%3A%2F%2Fwww.w3.org%2F2000%2Fsvg&#39;%20viewBox%3D&#39;0%200%201000%20500&#39;%2F%3E\" data-src=\"https:\/\/jak-czysto.pl\/wp-content\/uploads\/2021\/07\/car-wash-detailing-station-scaled-1000x500.jpg\" data-srcset=\"https:\/\/jak-czysto.pl\/wp-content\/uploads\/2021\/07\/car-wash-detailing-station-scaled-1000x500.jpg 1000w, https:\/\/jak-czysto.pl\/wp-content\/uploads\/2021\/07\/car-wash-detailing-station-scaled-2000x1000.jpg 2000w\" loading=\"eager\" sizes=\"(max-width: 1000px) 100vw, 1000px\" width=\"1000\" height=\"500\"  data-dt-location=\"https:\/\/jak-czysto.pl\/index.php\/oferta-jak-czysto\/car-wash-detailing-station\/\" style=\"--ratio: 1000 \/ 500;\" alt=\"\" \/><\/div><\/div><\/div><div id=\"ultimate-heading-326669da6de0857cb\" class=\"uvc-heading ult-adjust-bottom-margin ultimate-heading-326669da6de0857cb uvc-7253 accent-border-color\" data-hspacer=\"line_only\"  data-halign=\"left\" style=\"text-align:left\"><div class=\"uvc-main-heading ult-responsive\"  data-ultimate-target='.uvc-heading.ultimate-heading-326669da6de0857cb h2'  data-responsive-json-new='{\"font-size\":\"desktop:26px;\",\"line-height\":\"desktop:36px;\"}' ><h2 style=\"font-weight:bold;\">Pranie wyk\u0142adzin oraz dywan\u00f3w<\/h2><\/div><div class=\"uvc-heading-spacer line_only\" style=\"margin-top:15px;margin-bottom:30px;height:4px;\"><span class=\"uvc-headings-line\" style=\"border-style:solid;border-bottom-width:4px;border-color:;width:50px;\"><\/span><\/div><\/div>[vc_column_text css=&#8221;.vc_custom_1600172983279{padding-bottom: 60px !important;}&#8221;]Wszechobecny kurz i roztocza wp\u0142ywaj\u0105 na nas, powoduj\u0105c uczulenia i alergie. Niestety domowymi sposobami, nie jeste\u015bmy w stanie ich usun\u0105\u0107 w zadowalaj\u0105cym stopniu. Dlatego warto co jaki\u015b czas, korzysta\u0107 z us\u0142ugi profesjonalne czyszczenia tapicerki. Dzi\u0119ki temu, masz wi\u0119kszy wp\u0142yw nie tylko na stan zdrowia, ale i na trwa\u0142o\u015b\u0107 mebli. Do\u015bwiadczona ekipa sprz\u0105taj\u0105ca poradzi sobie zar\u00f3wno z usuwaniem plam, jak i ze standardowym praniem tapicerki. Zapewnimy Twoim meblom nienaganny wygl\u0105d. Ekipa naszej firmy to pracownicy z ogromnym do\u015bwiadczeniem, kt\u00f3rzy poradz\u0105 sobie z ka\u017cdym zadaniem i dostosowuj\u0105 si\u0119 do Twoich wymog\u00f3w.<\/p>\n<p>&nbsp;<\/p>\n<p>Specjalizujemy si\u0119 praniu tapicerek, wyk\u0142adzin oraz dywan\u00f3w w takich obiektach jak: dom, biuro, hotel. Wizyt\u00f3wk\u0105 ka\u017cdej firmy jest czysto\u015b\u0107 utrzymywana w zak\u0142adzie \u2013 to tyczy si\u0119 rownie\u017c wyk\u0142adzin!<\/p>\n<p>Poniewa\u017c wyk\u0142adziny oraz dywany wykonane s\u0105 z r\u00f3\u017cnych materia\u0142\u00f3w, r\u00f3\u017cni\u0105 si\u0119 d\u0142ugo\u015bci\u0105 w\u0142osia oraz sposobem barwienia, dlatego bardzo starannie dobieramy \u015brodki do prania oraz sam\u0105 metod\u0119 prania aby zapewni\u0107 w\u0142a\u015bciwy efekt ko\u0144cowy.<\/p>\n<p>Posiadamy r\u00f3wnie\u017c profesjonalne \u015brodki, kt\u00f3re usuwaj\u0105 wszelkiego rodzaju plamy, zabrudzenia czy gumy do \u017cucia. Nie tylko usuwamy plamy, ale r\u00f3wnie\u017c przywracamy im oryginalny kolor tapicerki i nadajemy jej zapach przyjemny.<\/p>\n<p>Do prania dywan\u00f3w u\u017cywamy odkurzaczy ekstrakcyjnych.[\/vc_column_text]<div id=\"ultimate-heading-513369da6de0857ee\" class=\"uvc-heading ult-adjust-bottom-margin ultimate-heading-513369da6de0857ee uvc-4962 accent-border-color\" data-hspacer=\"line_only\"  data-halign=\"left\" style=\"text-align:left\"><div class=\"uvc-main-heading ult-responsive\"  data-ultimate-target='.uvc-heading.ultimate-heading-513369da6de0857ee h2'  data-responsive-json-new='{\"font-size\":\"desktop:26px;\",\"line-height\":\"desktop:36px;\"}' ><h2 style=\"font-weight:bold;\">Profesjonalne wsparcie<\/h2><\/div><div class=\"uvc-heading-spacer line_only\" style=\"margin-top:15px;margin-bottom:40px;height:4px;\"><span class=\"uvc-headings-line\" style=\"border-style:solid;border-bottom-width:4px;border-color:;width:50px;\"><\/span><\/div><\/div>[vc_accordion active_tab=&#8221;false&#8221; style=&#8221;2&#8243;][vc_accordion_tab title=&#8221;Pranie wyk\u0142adzin&#8221;][vc_column_text css=&#8221;.vc_custom_1592152009128{background-color: #ffffff !important;}&#8221;]Po praniu, pozostaje przyjemny i \u015bwie\u017cy zapach. Wyk\u0142adziny pierzemy najpopularniejsz\u0105 dost\u0119pn\u0105 metod\u0105 \u2013 wykonujemy tzw. czyszczenie ekstrakcyjne, czyli czyszczenie na mokro.<\/p>\n<p>Po takim sprz\u0105taniu, ka\u017cda wyk\u0142adzina b\u0119dzie wygl\u0105da\u0142a jak nowa.Doskonale wiemy, jaki sprz\u0119t i produkt dobra\u0107 do danej pracy. Do ka\u017cdego zadania podchodzimy z zaanga\u017cowaniem i nale\u017cyt\u0105 staranno\u015bci\u0105.[\/vc_column_text][\/vc_accordion_tab][vc_accordion_tab title=&#8221;Pranie dywan\u00f3w&#8221;][vc_column_text css=&#8221;.vc_custom_1592151977466{background-color: #ffffff !important;}&#8221;]Pranie dywan\u00f3w to jedna z wielu naszych specjalizacji. Podejmujemy si\u0119 czyszczenia dywan\u00f3w i wyk\u0142adzin zar\u00f3wno w mieszkaniach i domach, jak i w siedzibach firm i korporacji.<\/p>\n<p>Doprowadzimy do porz\u0105dku ka\u017cd\u0105 powierzchni\u0119. Czy\u015bcimy dywany wykonane z r\u00f3\u017cnych materia\u0142\u00f3w. Po sko\u0144czonej pracy, s\u0105 one czyste i posiadaj\u0105 \u015bwie\u017cy zapach.<\/p>\n<p>Stosujemy odpowiednie, profesjonale sprz\u0119ty i najlepszej jako\u015bci \u015brodki czyszcz\u0105ce. Poradzimy sobie z ka\u017cdym zabrudzeniem![\/vc_column_text][\/vc_accordion_tab][vc_accordion_tab title=&#8221;Pranie tapicerki samochodowej&#8221;][vc_column_text css=&#8221;.vc_custom_1592169687489{background-color: #ffffff !important;}&#8221;][\/vc_column_text][\/vc_accordion_tab][vc_accordion_tab title=&#8221;Pranie tapicerki meblowej&#8221;][vc_column_text css=&#8221;.vc_custom_1592152045417{background-color: #ffffff !important;}&#8221;]Tw\u00f3j kanapa lub naro\u017cnik nadaj\u0105 si\u0119 do profesjonalnego czyszczenia? Nie masz poj\u0119cia jak si\u0119 za to zabra\u0107? My z przyjemno\u015bci\u0105 Ci pomo\u017cemy! Podejmujemy si\u0119 ka\u017cdej pracy, doprowadzimy do \u0142adu nawet najbardziej zanieczyszczon\u0105 sof\u0119.<\/p>\n<p>Proponujemy r\u00f3wnie\u017c czynno\u015bci takie, jak: profesjonalna impregnacja kanap, kt\u00f3ra zabezpieczy materia\u0142 przed wch\u0142anianiem brudu. Czy\u015bcimy kanapy, dbaj\u0105c o ka\u017cdy detal. Dzi\u0119ki profesjonalnym sprz\u0119tom i \u015brodkom, docieramy w ka\u017cde miejsce trudno dost\u0119pne.[\/vc_column_text][\/vc_accordion_tab][\/vc_accordion][\/vc_column][\/vc_row]<\/p>\n","protected":false},"excerpt":{"rendered":"<p>[vc_row bg_type=&#8221;bg_color&#8221; type=&#8221;vc_default&#8221; css=&#8221;.vc_custom_1592169494045{margin-bottom: -30px !important;padding-bottom: 30px !important;}&#8221; bg_color_value=&#8221;#ffffff&#8221;][vc_column offset=&#8221;vc_col-lg-12 vc_col-md-12 vc_col-xs-12&#8243;][vc_column_text css=&#8221;.vc_custom_1600172983279{padding-bottom: 60px !important;}&#8221;]Wszechobecny kurz i roztocza wp\u0142ywaj\u0105 na nas, powoduj\u0105c uczulenia i alergie. Niestety domowymi sposobami, nie jeste\u015bmy w stanie ich usun\u0105\u0107 w zadowalaj\u0105cym stopniu. Dlatego warto co jaki\u015b czas, korzysta\u0107 z us\u0142ugi profesjonalne czyszczenia tapicerki. Dzi\u0119ki temu, masz wi\u0119kszy wp\u0142yw nie tylko&hellip;<\/p>\n","protected":false},"author":1,"featured_media":0,"parent":0,"menu_order":0,"comment_status":"closed","ping_status":"closed","template":"","meta":{"_monsterinsights_skip_tracking":false,"_monsterinsights_sitenote_active":false,"_monsterinsights_sitenote_note":"","_monsterinsights_sitenote_category":0,"footnotes":""},"class_list":["post-1500","page","type-page","status-publish","hentry","description-off"],"yoast_head":"<!-- This site is optimized with the Yoast SEO plugin v17.2 - https:\/\/yoast.com\/wordpress\/plugins\/seo\/ -->\n<title>Pranie dywan\u00f3w oraz wyk\u0142adzin - Firma sprz\u0105taj\u0105ca, ozonowanie oraz zamg\u0142awianie | Jak Czysto!<\/title>\n<meta name=\"robots\" content=\"index, follow, max-snippet:-1, max-image-preview:large, max-video-preview:-1\" \/>\n<link rel=\"canonical\" href=\"https:\/\/jak-czysto.pl\/index.php\/pranie-dywanow-oraz-wykladzin\/\" \/>\n<meta property=\"og:locale\" content=\"pl_PL\" \/>\n<meta property=\"og:type\" content=\"article\" \/>\n<meta property=\"og:title\" content=\"Pranie dywan\u00f3w oraz wyk\u0142adzin - Firma sprz\u0105taj\u0105ca, ozonowanie oraz zamg\u0142awianie | Jak Czysto!\" \/>\n<meta property=\"og:description\" content=\"[vc_row bg_type=&#8221;bg_color&#8221; type=&#8221;vc_default&#8221; css=&#8221;.vc_custom_1592169494045{margin-bottom: -30px !important;padding-bottom: 30px !important;}&#8221; bg_color_value=&#8221;#ffffff&#8221;][vc_column offset=&#8221;vc_col-lg-12 vc_col-md-12 vc_col-xs-12&#8243;][vc_column_text css=&#8221;.vc_custom_1600172983279{padding-bottom: 60px !important;}&#8221;]Wszechobecny kurz i roztocza wp\u0142ywaj\u0105 na nas, powoduj\u0105c uczulenia i alergie. Niestety domowymi sposobami, nie jeste\u015bmy w stanie ich usun\u0105\u0107 w zadowalaj\u0105cym stopniu. Dlatego warto co jaki\u015b czas, korzysta\u0107 z us\u0142ugi profesjonalne czyszczenia tapicerki. Dzi\u0119ki temu, masz wi\u0119kszy wp\u0142yw nie tylko&hellip;\" \/>\n<meta property=\"og:url\" content=\"https:\/\/jak-czysto.pl\/index.php\/pranie-dywanow-oraz-wykladzin\/\" \/>\n<meta property=\"og:site_name\" content=\"Firma sprz\u0105taj\u0105ca, ozonowanie oraz zamg\u0142awianie | Jak Czysto!\" \/>\n<meta property=\"article:publisher\" content=\"https:\/\/www.facebook.com\/jak.czysto.kielce\" \/>\n<meta property=\"article:modified_time\" content=\"2021-07-15T12:51:19+00:00\" \/>\n<meta name=\"twitter:card\" content=\"summary_large_image\" \/>\n<meta name=\"twitter:label1\" content=\"Szacowany czas czytania\" \/>\n\t<meta name=\"twitter:data1\" content=\"2 minuty\" \/>\n<script type=\"application\/ld+json\" class=\"yoast-schema-graph\">{\"@context\":\"https:\/\/schema.org\",\"@graph\":[{\"@type\":\"Organization\",\"@id\":\"https:\/\/jak-czysto.pl\/#organization\",\"name\":\"jak czysto!\",\"url\":\"https:\/\/jak-czysto.pl\/\",\"sameAs\":[\"https:\/\/www.facebook.com\/jak.czysto.kielce\",\"https:\/\/www.linkedin.com\/company\/65819576\"],\"logo\":{\"@type\":\"ImageObject\",\"@id\":\"https:\/\/jak-czysto.pl\/#logo\",\"inLanguage\":\"pl-PL\",\"url\":\"https:\/\/jak-czysto.pl\/wp-content\/uploads\/2020\/05\/250x250.png\",\"contentUrl\":\"https:\/\/jak-czysto.pl\/wp-content\/uploads\/2020\/05\/250x250.png\",\"width\":250,\"height\":250,\"caption\":\"jak czysto!\"},\"image\":{\"@id\":\"https:\/\/jak-czysto.pl\/#logo\"}},{\"@type\":\"WebSite\",\"@id\":\"https:\/\/jak-czysto.pl\/#website\",\"url\":\"https:\/\/jak-czysto.pl\/\",\"name\":\"Firma sprz\\u0105taj\\u0105ca, ozonowanie oraz zamg\\u0142awianie | Jak Czysto!\",\"description\":\"Firma sprz\\u0105taj\\u0105ca w Kielcach\",\"publisher\":{\"@id\":\"https:\/\/jak-czysto.pl\/#organization\"},\"potentialAction\":[{\"@type\":\"SearchAction\",\"target\":{\"@type\":\"EntryPoint\",\"urlTemplate\":\"https:\/\/jak-czysto.pl\/?s={search_term_string}\"},\"query-input\":\"required name=search_term_string\"}],\"inLanguage\":\"pl-PL\"},{\"@type\":\"WebPage\",\"@id\":\"https:\/\/jak-czysto.pl\/index.php\/pranie-dywanow-oraz-wykladzin\/#webpage\",\"url\":\"https:\/\/jak-czysto.pl\/index.php\/pranie-dywanow-oraz-wykladzin\/\",\"name\":\"Pranie dywan\\u00f3w oraz wyk\\u0142adzin - Firma sprz\\u0105taj\\u0105ca, ozonowanie oraz zamg\\u0142awianie | Jak Czysto!\",\"isPartOf\":{\"@id\":\"https:\/\/jak-czysto.pl\/#website\"},\"datePublished\":\"2020-06-14T16:27:35+00:00\",\"dateModified\":\"2021-07-15T12:51:19+00:00\",\"breadcrumb\":{\"@id\":\"https:\/\/jak-czysto.pl\/index.php\/pranie-dywanow-oraz-wykladzin\/#breadcrumb\"},\"inLanguage\":\"pl-PL\",\"potentialAction\":[{\"@type\":\"ReadAction\",\"target\":[\"https:\/\/jak-czysto.pl\/index.php\/pranie-dywanow-oraz-wykladzin\/\"]}]},{\"@type\":\"BreadcrumbList\",\"@id\":\"https:\/\/jak-czysto.pl\/index.php\/pranie-dywanow-oraz-wykladzin\/#breadcrumb\",\"itemListElement\":[{\"@type\":\"ListItem\",\"position\":1,\"name\":\"Strona g\\u0142\\u00f3wna\",\"item\":\"https:\/\/jak-czysto.pl\/\"},{\"@type\":\"ListItem\",\"position\":2,\"name\":\"Pranie dywan\\u00f3w oraz wyk\\u0142adzin\"}]}]}<\/script>\n<!-- \/ Yoast SEO plugin. -->","yoast_head_json":{"title":"Pranie dywan\u00f3w oraz wyk\u0142adzin - Firma sprz\u0105taj\u0105ca, ozonowanie oraz zamg\u0142awianie | Jak Czysto!","robots":{"index":"index","follow":"follow","max-snippet":"max-snippet:-1","max-image-preview":"max-image-preview:large","max-video-preview":"max-video-preview:-1"},"canonical":"https:\/\/jak-czysto.pl\/index.php\/pranie-dywanow-oraz-wykladzin\/","og_locale":"pl_PL","og_type":"article","og_title":"Pranie dywan\u00f3w oraz wyk\u0142adzin - Firma sprz\u0105taj\u0105ca, ozonowanie oraz zamg\u0142awianie | Jak Czysto!","og_description":"[vc_row bg_type=&#8221;bg_color&#8221; type=&#8221;vc_default&#8221; css=&#8221;.vc_custom_1592169494045{margin-bottom: -30px !important;padding-bottom: 30px !important;}&#8221; bg_color_value=&#8221;#ffffff&#8221;][vc_column offset=&#8221;vc_col-lg-12 vc_col-md-12 vc_col-xs-12&#8243;][vc_column_text css=&#8221;.vc_custom_1600172983279{padding-bottom: 60px !important;}&#8221;]Wszechobecny kurz i roztocza wp\u0142ywaj\u0105 na nas, powoduj\u0105c uczulenia i alergie. Niestety domowymi sposobami, nie jeste\u015bmy w stanie ich usun\u0105\u0107 w zadowalaj\u0105cym stopniu. Dlatego warto co jaki\u015b czas, korzysta\u0107 z us\u0142ugi profesjonalne czyszczenia tapicerki. Dzi\u0119ki temu, masz wi\u0119kszy wp\u0142yw nie tylko&hellip;","og_url":"https:\/\/jak-czysto.pl\/index.php\/pranie-dywanow-oraz-wykladzin\/","og_site_name":"Firma sprz\u0105taj\u0105ca, ozonowanie oraz zamg\u0142awianie | Jak Czysto!","article_publisher":"https:\/\/www.facebook.com\/jak.czysto.kielce","article_modified_time":"2021-07-15T12:51:19+00:00","twitter_card":"summary_large_image","twitter_misc":{"Szacowany czas czytania":"2 minuty"},"schema":{"@context":"https:\/\/schema.org","@graph":[{"@type":"Organization","@id":"https:\/\/jak-czysto.pl\/#organization","name":"jak czysto!","url":"https:\/\/jak-czysto.pl\/","sameAs":["https:\/\/www.facebook.com\/jak.czysto.kielce","https:\/\/www.linkedin.com\/company\/65819576"],"logo":{"@type":"ImageObject","@id":"https:\/\/jak-czysto.pl\/#logo","inLanguage":"pl-PL","url":"https:\/\/jak-czysto.pl\/wp-content\/uploads\/2020\/05\/250x250.png","contentUrl":"https:\/\/jak-czysto.pl\/wp-content\/uploads\/2020\/05\/250x250.png","width":250,"height":250,"caption":"jak czysto!"},"image":{"@id":"https:\/\/jak-czysto.pl\/#logo"}},{"@type":"WebSite","@id":"https:\/\/jak-czysto.pl\/#website","url":"https:\/\/jak-czysto.pl\/","name":"Firma sprz\u0105taj\u0105ca, ozonowanie oraz zamg\u0142awianie | Jak Czysto!","description":"Firma sprz\u0105taj\u0105ca w Kielcach","publisher":{"@id":"https:\/\/jak-czysto.pl\/#organization"},"potentialAction":[{"@type":"SearchAction","target":{"@type":"EntryPoint","urlTemplate":"https:\/\/jak-czysto.pl\/?s={search_term_string}"},"query-input":"required name=search_term_string"}],"inLanguage":"pl-PL"},{"@type":"WebPage","@id":"https:\/\/jak-czysto.pl\/index.php\/pranie-dywanow-oraz-wykladzin\/#webpage","url":"https:\/\/jak-czysto.pl\/index.php\/pranie-dywanow-oraz-wykladzin\/","name":"Pranie dywan\u00f3w oraz wyk\u0142adzin - Firma sprz\u0105taj\u0105ca, ozonowanie oraz zamg\u0142awianie | Jak Czysto!","isPartOf":{"@id":"https:\/\/jak-czysto.pl\/#website"},"datePublished":"2020-06-14T16:27:35+00:00","dateModified":"2021-07-15T12:51:19+00:00","breadcrumb":{"@id":"https:\/\/jak-czysto.pl\/index.php\/pranie-dywanow-oraz-wykladzin\/#breadcrumb"},"inLanguage":"pl-PL","potentialAction":[{"@type":"ReadAction","target":["https:\/\/jak-czysto.pl\/index.php\/pranie-dywanow-oraz-wykladzin\/"]}]},{"@type":"BreadcrumbList","@id":"https:\/\/jak-czysto.pl\/index.php\/pranie-dywanow-oraz-wykladzin\/#breadcrumb","itemListElement":[{"@type":"ListItem","position":1,"name":"Strona g\u0142\u00f3wna","item":"https:\/\/jak-czysto.pl\/"},{"@type":"ListItem","position":2,"name":"Pranie dywan\u00f3w oraz wyk\u0142adzin"}]}]}},"_links":{"self":[{"href":"https:\/\/jak-czysto.pl\/index.php\/wp-json\/wp\/v2\/pages\/1500","targetHints":{"allow":["GET"]}}],"collection":[{"href":"https:\/\/jak-czysto.pl\/index.php\/wp-json\/wp\/v2\/pages"}],"about":[{"href":"https:\/\/jak-czysto.pl\/index.php\/wp-json\/wp\/v2\/types\/page"}],"author":[{"embeddable":true,"href":"https:\/\/jak-czysto.pl\/index.php\/wp-json\/wp\/v2\/users\/1"}],"replies":[{"embeddable":true,"href":"https:\/\/jak-czysto.pl\/index.php\/wp-json\/wp\/v2\/comments?post=1500"}],"version-history":[{"count":11,"href":"https:\/\/jak-czysto.pl\/index.php\/wp-json\/wp\/v2\/pages\/1500\/revisions"}],"predecessor-version":[{"id":1900,"href":"https:\/\/jak-czysto.pl\/index.php\/wp-json\/wp\/v2\/pages\/1500\/revisions\/1900"}],"wp:attachment":[{"href":"https:\/\/jak-czysto.pl\/index.php\/wp-json\/wp\/v2\/media?parent=1500"}],"curies":[{"name":"wp","href":"https:\/\/api.w.org\/{rel}","templated":true}]}}