{"id":1443,"date":"2020-05-31T09:19:31","date_gmt":"2020-05-31T07:19:31","guid":{"rendered":"http:\/\/jak-czysto.pl\/?page_id=1443"},"modified":"2022-02-14T13:06:23","modified_gmt":"2022-02-14T12:06:23","slug":"sprzatanie-powierzchni-biurowych","status":"publish","type":"page","link":"https:\/\/jak-czysto.pl\/index.php\/oferta-jak-czysto\/sprzatanie-powierzchni-biurowych\/","title":{"rendered":"Ozonowanie oraz zamg\u0142awianie metod\u0105 ULV"},"content":{"rendered":"<p>[vc_row type=&#8221;vc_default&#8221; css=&#8221;.vc_custom_1474268037787{margin-bottom: -30px !important;padding-bottom: 30px !important;}&#8221;][vc_column offset=&#8221;vc_col-lg-12 vc_col-md-12 vc_col-xs-12&#8243;]<style type=\"text\/css\" data-type=\"the7_shortcodes-inline-css\">.shortcode-single-image-wrap.shortcode-single-image-a6d096a9e28a57411dd8b67fc835bdb3.enable-bg-rollover .rollover i,\n.shortcode-single-image-wrap.shortcode-single-image-a6d096a9e28a57411dd8b67fc835bdb3.enable-bg-rollover .rollover-video i {\n  background: -webkit-linear-gradient();\n  background: linear-gradient();\n}\n.shortcode-single-image-wrap.shortcode-single-image-a6d096a9e28a57411dd8b67fc835bdb3 .rollover-icon {\n  font-size: 32px;\n  color: #ffffff;\n  min-width: 44px;\n  min-height: 44px;\n  line-height: 44px;\n  border-radius: 100px;\n  border-style: solid;\n  border-width: 0px;\n}\n.dt-icon-bg-on.shortcode-single-image-wrap.shortcode-single-image-a6d096a9e28a57411dd8b67fc835bdb3 .rollover-icon {\n  background: rgba(255,255,255,0.3);\n  box-shadow: none;\n}\n<\/style><div class=\"shortcode-single-image-wrap shortcode-single-image-a6d096a9e28a57411dd8b67fc835bdb3 alignnone  vc_custom_1644840361849 enable-bg-rollover dt-icon-bg-off\" ><div class=\"shortcode-single-image\"><div class=\"fancy-media-wrap  layzr-bg\" style=\"\"><img fetchpriority=\"high\" decoding=\"async\" class=\"preload-me lazy-load aspect\" src=\"data:image\/svg+xml,%3Csvg%20xmlns%3D&#39;http%3A%2F%2Fwww.w3.org%2F2000%2Fsvg&#39;%20viewBox%3D&#39;0%200%201000%20500&#39;%2F%3E\" data-src=\"https:\/\/jak-czysto.pl\/wp-content\/uploads\/2022\/02\/IMG_7512-scaled-1000x500.jpg\" data-srcset=\"https:\/\/jak-czysto.pl\/wp-content\/uploads\/2022\/02\/IMG_7512-scaled-1000x500.jpg 1000w, https:\/\/jak-czysto.pl\/wp-content\/uploads\/2022\/02\/IMG_7512-scaled-1920x960.jpg 1920w\" loading=\"eager\" sizes=\"(max-width: 1000px) 100vw, 1000px\" width=\"1000\" height=\"500\"  data-dt-location=\"https:\/\/jak-czysto.pl\/index.php\/oferta-jak-czysto\/sprzatanie-powierzchni-biurowych\/img_7512\/\" style=\"--ratio: 1000 \/ 500;\" alt=\"\" \/><\/div><\/div><\/div><div id=\"ultimate-heading-870269da6dc0bb255\" class=\"uvc-heading ult-adjust-bottom-margin ultimate-heading-870269da6dc0bb255 uvc-8208 accent-border-color\" data-hspacer=\"line_only\"  data-halign=\"left\" style=\"text-align:left\"><div class=\"uvc-main-heading ult-responsive\"  data-ultimate-target='.uvc-heading.ultimate-heading-870269da6dc0bb255 h2'  data-responsive-json-new='{\"font-size\":\"desktop:26px;\",\"line-height\":\"desktop:36px;\"}' ><h2 style=\"font-weight:bold;\">Dlaczego warto skorzysta\u0107 z naszej us\u0142ugi dezynfekcji?<\/h2><\/div><div class=\"uvc-sub-heading ult-responsive\"  data-ultimate-target='.uvc-heading.ultimate-heading-870269da6dc0bb255 .uvc-sub-heading '  data-responsive-json-new='{\"font-size\":\"\",\"line-height\":\"\"}'  style=\"font-weight:normal;\">Wybierz metod\u0119 dezynfekcji odpowiedni\u0105 do Twoich potrzeb. Nasza firma wykonuj\u0105c na co dzie\u0144 us\u0142ugi dezynfekcji ma w ofercie dwa rodzaje us\u0142ug: dezynfekcja za pomoc\u0105 ozonowania oraz zamg\u0142awiania metod\u0105 ULV.<\/div><div class=\"uvc-heading-spacer line_only\" style=\"margin-top:15px;margin-bottom:30px;height:4px;\"><span class=\"uvc-headings-line\" style=\"border-style:solid;border-bottom-width:4px;border-color:;width:50px;\"><\/span><\/div><\/div>[vc_column_text css=&#8221;.vc_custom_1626351364115{padding-bottom: 60px !important;}&#8221;][\/vc_column_text][vc_column_text]Dezynfekcja metod\u0105 zamg\u0142awiania ULV. Najpro\u015bciej m\u00f3wi\u0105c \u2013 to metoda dezynfekcji zamkni\u0119tych pomieszcze\u0144 (tak\u017ce wn\u0119trz pojazd\u00f3w) poprzez uwolnienie atestowanego \u015brodka dezynfekuj\u0105cego z silnym strumieniem powietrza. Mg\u0142a szybko rozprzestrzenia si\u0119 po ca\u0142ym wn\u0119trzu i dociera do ka\u017cdej, nawet najmniejszej szczeliny.<\/p>\n<p>Zamg\u0142awiacz (specjalistyczny generator mg\u0142y) jest w stanie w cyklu pracy (od parunastu minut do kilku godzin w zale\u017cno\u015bci od technologii pracy, jego wydajno\u015bci i wielko\u015bci pomieszczenia) dotrze\u0107 do ka\u017cdej przestrzeni we wn\u0119trzu. Metod\u0105 zamg\u0142awiania dezynfekuje si\u0119 sprz\u0119ty, powierzchnie, \u015bciany, pod\u0142ogi i powietrze \u2013 jednym s\u0142owem wszystko, co znajduje si\u0119 w pomieszczeniu.[\/vc_column_text][vc_column_text]Dlaczego wybra\u0107 dezynfekcj\u0119 ozonem?<\/p>\n<p>Ozon jest najsilniejszym \u015brodkiem dezynfekuj\u0105cym. Wykazuje 50-krotnie skuteczniejsze dzia\u0142anie odka\u017caj\u0105ce, w por\u00f3wnaniu z najpopularniejszym dezynfekantem \u2013 chlorem.<\/p>\n<p>Ozon (tzw. tritlen) jest niebieskim gazem, kt\u00f3ry posiada g\u0119sto\u015b\u0107 wi\u0119ksz\u0105 od powietrza, dzi\u0119kiczemu jest idealnym \u015brodkiem dezynfekuj\u0105cym zar\u00f3wno powietrze, jak i wod\u0119. Dzia\u0142a zab\u00f3jczo na organizmy jedno- i wielokom\u00f3rkowe o niskiej specjalizacji kom\u00f3rek, tj. bakterie, wirusy czy grzyby. Czas jego dzia\u0142ania wynosi oko\u0142o 40 minut, po tym czasie mo\u017cna cieszy\u0107 si\u0119\u015bwie\u017cym, czystym oraz wolnym od zarazk\u00f3w, grzyb\u00f3w i wirus\u00f3w pomieszczeniem.<\/p>\n<p>Co mo\u017cna zdezynfekowa\u0107 ozonem?<\/p>\n<p>Ozonowanie jest dzia\u0142aniem wykorzystywanym w bardzo r\u00f3\u017cnych obszarach. Do najcz\u0119\u015bciejspotykanych jego zastosowa\u0144 mo\u017cna zaliczy\u0107:<\/p>\n<div>\u2022Dezynfekcj\u0119 pomieszcze\u0144 r\u00f3\u017cnego typu (pokoje, mieszkania, piwnice, magazyny, biura, sklepy, baseny, szatnie, hotele, szpitale, gabinety lekarskie itp.),<\/div>\n<div>\u2022Dezynfekcj\u0119 samochod\u00f3w &#8211; usuwanie nieprzyjemnego zapachu z wn\u0119trza samochodu, odgrzybianie klimatyzacji,<\/div>\n<div>\u2022Eliminowanie nieprzyjemnych zapach\u00f3w r\u00f3\u017cnego pochodzenia \u2013 dymu papierosowego, woni spalenizny, zapachu zwierz\u0105t czy farb,<\/div>\n<div>\u2022Odgrzybianie oraz usuwanie wilgoci i ple\u015bni z pomieszcze\u0144<\/div>\n<div><\/div>\n<p>Obie powy\u017cej opisane metody dezynfekcji s\u0105 rekomendowane i zalecane w walce z koronawirusem przez G\u0142\u00f3wny Inspektorat Sanitarny.<\/p>\n<p>Nasza firma gwarantuje fachowe oraz skuteczne wykonanie dezynfekcji obiema metodami.[\/vc_column_text][vc_separator color=&#8221;white&#8221;]<div class=\"standard-arrow list-divider bullet-top\"><ul>\n<li>Atrakcyjny cennik zale\u017cny od powierzchni biura<\/li>\n<li>Sprz\u0105tanie biura wykonywane tylko przez do\u015bwiadczone osoby<\/li>\n<li>Profesjonalne i dok\u0142adne sprz\u0105tanie<\/li>\n<li>Zaufana firma sprz\u0105taj\u0105ca z do\u015bwiadczeniem.<\/li>\n<\/ul>\n<\/div>[\/vc_column][\/vc_row]<\/p>\n","protected":false},"excerpt":{"rendered":"<p>[vc_row type=&#8221;vc_default&#8221; css=&#8221;.vc_custom_1474268037787{margin-bottom: -30px !important;padding-bottom: 30px !important;}&#8221;][vc_column offset=&#8221;vc_col-lg-12 vc_col-md-12 vc_col-xs-12&#8243;][vc_column_text css=&#8221;.vc_custom_1626351364115{padding-bottom: 60px !important;}&#8221;][\/vc_column_text][vc_column_text]Dezynfekcja metod\u0105 zamg\u0142awiania ULV. Najpro\u015bciej m\u00f3wi\u0105c \u2013 to metoda dezynfekcji zamkni\u0119tych pomieszcze\u0144 (tak\u017ce wn\u0119trz pojazd\u00f3w) poprzez uwolnienie atestowanego \u015brodka dezynfekuj\u0105cego z silnym strumieniem powietrza. Mg\u0142a szybko rozprzestrzenia si\u0119 po ca\u0142ym wn\u0119trzu i dociera do ka\u017cdej, nawet najmniejszej szczeliny. Zamg\u0142awiacz (specjalistyczny generator mg\u0142y) jest&hellip;<\/p>\n","protected":false},"author":1,"featured_media":0,"parent":27,"menu_order":0,"comment_status":"closed","ping_status":"closed","template":"","meta":{"_monsterinsights_skip_tracking":false,"_monsterinsights_sitenote_active":false,"_monsterinsights_sitenote_note":"","_monsterinsights_sitenote_category":0,"footnotes":""},"class_list":["post-1443","page","type-page","status-publish","hentry","description-off"],"yoast_head":"<!-- This site is optimized with the Yoast SEO plugin v17.2 - https:\/\/yoast.com\/wordpress\/plugins\/seo\/ -->\n<title>Ozonowanie oraz zamg\u0142awianie metod\u0105 ULV<\/title>\n<meta name=\"description\" content=\"Przeszkolony i\u00a0do\u015bwiadczony personel to podstawa utrzymania czysto\u015bci w\u00a0centrach handlowych i\u00a0sklepach wielkopowierzchniowych.\" \/>\n<meta name=\"robots\" content=\"index, follow, max-snippet:-1, max-image-preview:large, max-video-preview:-1\" \/>\n<link rel=\"canonical\" href=\"https:\/\/jak-czysto.pl\/index.php\/oferta-jak-czysto\/sprzatanie-powierzchni-biurowych\/\" \/>\n<meta property=\"og:locale\" content=\"pl_PL\" \/>\n<meta property=\"og:type\" content=\"article\" \/>\n<meta property=\"og:title\" content=\"Ozonowanie oraz zamg\u0142awianie metod\u0105 ULV\" \/>\n<meta property=\"og:description\" content=\"Przeszkolony i\u00a0do\u015bwiadczony personel to podstawa utrzymania czysto\u015bci w\u00a0centrach handlowych i\u00a0sklepach wielkopowierzchniowych.\" \/>\n<meta property=\"og:url\" content=\"https:\/\/jak-czysto.pl\/index.php\/oferta-jak-czysto\/sprzatanie-powierzchni-biurowych\/\" \/>\n<meta property=\"og:site_name\" content=\"Firma sprz\u0105taj\u0105ca, ozonowanie oraz zamg\u0142awianie | Jak Czysto!\" \/>\n<meta property=\"article:publisher\" content=\"https:\/\/www.facebook.com\/jak.czysto.kielce\" \/>\n<meta property=\"article:modified_time\" content=\"2022-02-14T12:06:23+00:00\" \/>\n<meta name=\"twitter:card\" content=\"summary_large_image\" \/>\n<meta name=\"twitter:label1\" content=\"Szacowany czas czytania\" \/>\n\t<meta name=\"twitter:data1\" content=\"2 minuty\" \/>\n<script type=\"application\/ld+json\" class=\"yoast-schema-graph\">{\"@context\":\"https:\/\/schema.org\",\"@graph\":[{\"@type\":\"Organization\",\"@id\":\"https:\/\/jak-czysto.pl\/#organization\",\"name\":\"jak czysto!\",\"url\":\"https:\/\/jak-czysto.pl\/\",\"sameAs\":[\"https:\/\/www.facebook.com\/jak.czysto.kielce\",\"https:\/\/www.linkedin.com\/company\/65819576\"],\"logo\":{\"@type\":\"ImageObject\",\"@id\":\"https:\/\/jak-czysto.pl\/#logo\",\"inLanguage\":\"pl-PL\",\"url\":\"https:\/\/jak-czysto.pl\/wp-content\/uploads\/2020\/05\/250x250.png\",\"contentUrl\":\"https:\/\/jak-czysto.pl\/wp-content\/uploads\/2020\/05\/250x250.png\",\"width\":250,\"height\":250,\"caption\":\"jak czysto!\"},\"image\":{\"@id\":\"https:\/\/jak-czysto.pl\/#logo\"}},{\"@type\":\"WebSite\",\"@id\":\"https:\/\/jak-czysto.pl\/#website\",\"url\":\"https:\/\/jak-czysto.pl\/\",\"name\":\"Firma sprz\\u0105taj\\u0105ca, ozonowanie oraz zamg\\u0142awianie | Jak Czysto!\",\"description\":\"Firma sprz\\u0105taj\\u0105ca w Kielcach\",\"publisher\":{\"@id\":\"https:\/\/jak-czysto.pl\/#organization\"},\"potentialAction\":[{\"@type\":\"SearchAction\",\"target\":{\"@type\":\"EntryPoint\",\"urlTemplate\":\"https:\/\/jak-czysto.pl\/?s={search_term_string}\"},\"query-input\":\"required name=search_term_string\"}],\"inLanguage\":\"pl-PL\"},{\"@type\":\"WebPage\",\"@id\":\"https:\/\/jak-czysto.pl\/index.php\/oferta-jak-czysto\/sprzatanie-powierzchni-biurowych\/#webpage\",\"url\":\"https:\/\/jak-czysto.pl\/index.php\/oferta-jak-czysto\/sprzatanie-powierzchni-biurowych\/\",\"name\":\"Ozonowanie oraz zamg\\u0142awianie metod\\u0105 ULV\",\"isPartOf\":{\"@id\":\"https:\/\/jak-czysto.pl\/#website\"},\"datePublished\":\"2020-05-31T07:19:31+00:00\",\"dateModified\":\"2022-02-14T12:06:23+00:00\",\"description\":\"Przeszkolony i\\u00a0do\\u015bwiadczony personel to podstawa utrzymania czysto\\u015bci w\\u00a0centrach handlowych i\\u00a0sklepach wielkopowierzchniowych.\",\"breadcrumb\":{\"@id\":\"https:\/\/jak-czysto.pl\/index.php\/oferta-jak-czysto\/sprzatanie-powierzchni-biurowych\/#breadcrumb\"},\"inLanguage\":\"pl-PL\",\"potentialAction\":[{\"@type\":\"ReadAction\",\"target\":[\"https:\/\/jak-czysto.pl\/index.php\/oferta-jak-czysto\/sprzatanie-powierzchni-biurowych\/\"]}]},{\"@type\":\"BreadcrumbList\",\"@id\":\"https:\/\/jak-czysto.pl\/index.php\/oferta-jak-czysto\/sprzatanie-powierzchni-biurowych\/#breadcrumb\",\"itemListElement\":[{\"@type\":\"ListItem\",\"position\":1,\"name\":\"Strona g\\u0142\\u00f3wna\",\"item\":\"https:\/\/jak-czysto.pl\/\"},{\"@type\":\"ListItem\",\"position\":2,\"name\":\"Oferta\",\"item\":\"https:\/\/jak-czysto.pl\/index.php\/oferta-jak-czysto\/\"},{\"@type\":\"ListItem\",\"position\":3,\"name\":\"Ozonowanie oraz zamg\\u0142awianie metod\\u0105 ULV\"}]}]}<\/script>\n<!-- \/ Yoast SEO plugin. -->","yoast_head_json":{"title":"Ozonowanie oraz zamg\u0142awianie metod\u0105 ULV","description":"Przeszkolony i\u00a0do\u015bwiadczony personel to podstawa utrzymania czysto\u015bci w\u00a0centrach handlowych i\u00a0sklepach wielkopowierzchniowych.","robots":{"index":"index","follow":"follow","max-snippet":"max-snippet:-1","max-image-preview":"max-image-preview:large","max-video-preview":"max-video-preview:-1"},"canonical":"https:\/\/jak-czysto.pl\/index.php\/oferta-jak-czysto\/sprzatanie-powierzchni-biurowych\/","og_locale":"pl_PL","og_type":"article","og_title":"Ozonowanie oraz zamg\u0142awianie metod\u0105 ULV","og_description":"Przeszkolony i\u00a0do\u015bwiadczony personel to podstawa utrzymania czysto\u015bci w\u00a0centrach handlowych i\u00a0sklepach wielkopowierzchniowych.","og_url":"https:\/\/jak-czysto.pl\/index.php\/oferta-jak-czysto\/sprzatanie-powierzchni-biurowych\/","og_site_name":"Firma sprz\u0105taj\u0105ca, ozonowanie oraz zamg\u0142awianie | Jak Czysto!","article_publisher":"https:\/\/www.facebook.com\/jak.czysto.kielce","article_modified_time":"2022-02-14T12:06:23+00:00","twitter_card":"summary_large_image","twitter_misc":{"Szacowany czas czytania":"2 minuty"},"schema":{"@context":"https:\/\/schema.org","@graph":[{"@type":"Organization","@id":"https:\/\/jak-czysto.pl\/#organization","name":"jak czysto!","url":"https:\/\/jak-czysto.pl\/","sameAs":["https:\/\/www.facebook.com\/jak.czysto.kielce","https:\/\/www.linkedin.com\/company\/65819576"],"logo":{"@type":"ImageObject","@id":"https:\/\/jak-czysto.pl\/#logo","inLanguage":"pl-PL","url":"https:\/\/jak-czysto.pl\/wp-content\/uploads\/2020\/05\/250x250.png","contentUrl":"https:\/\/jak-czysto.pl\/wp-content\/uploads\/2020\/05\/250x250.png","width":250,"height":250,"caption":"jak czysto!"},"image":{"@id":"https:\/\/jak-czysto.pl\/#logo"}},{"@type":"WebSite","@id":"https:\/\/jak-czysto.pl\/#website","url":"https:\/\/jak-czysto.pl\/","name":"Firma sprz\u0105taj\u0105ca, ozonowanie oraz zamg\u0142awianie | Jak Czysto!","description":"Firma sprz\u0105taj\u0105ca w Kielcach","publisher":{"@id":"https:\/\/jak-czysto.pl\/#organization"},"potentialAction":[{"@type":"SearchAction","target":{"@type":"EntryPoint","urlTemplate":"https:\/\/jak-czysto.pl\/?s={search_term_string}"},"query-input":"required name=search_term_string"}],"inLanguage":"pl-PL"},{"@type":"WebPage","@id":"https:\/\/jak-czysto.pl\/index.php\/oferta-jak-czysto\/sprzatanie-powierzchni-biurowych\/#webpage","url":"https:\/\/jak-czysto.pl\/index.php\/oferta-jak-czysto\/sprzatanie-powierzchni-biurowych\/","name":"Ozonowanie oraz zamg\u0142awianie metod\u0105 ULV","isPartOf":{"@id":"https:\/\/jak-czysto.pl\/#website"},"datePublished":"2020-05-31T07:19:31+00:00","dateModified":"2022-02-14T12:06:23+00:00","description":"Przeszkolony i\u00a0do\u015bwiadczony personel to podstawa utrzymania czysto\u015bci w\u00a0centrach handlowych i\u00a0sklepach wielkopowierzchniowych.","breadcrumb":{"@id":"https:\/\/jak-czysto.pl\/index.php\/oferta-jak-czysto\/sprzatanie-powierzchni-biurowych\/#breadcrumb"},"inLanguage":"pl-PL","potentialAction":[{"@type":"ReadAction","target":["https:\/\/jak-czysto.pl\/index.php\/oferta-jak-czysto\/sprzatanie-powierzchni-biurowych\/"]}]},{"@type":"BreadcrumbList","@id":"https:\/\/jak-czysto.pl\/index.php\/oferta-jak-czysto\/sprzatanie-powierzchni-biurowych\/#breadcrumb","itemListElement":[{"@type":"ListItem","position":1,"name":"Strona g\u0142\u00f3wna","item":"https:\/\/jak-czysto.pl\/"},{"@type":"ListItem","position":2,"name":"Oferta","item":"https:\/\/jak-czysto.pl\/index.php\/oferta-jak-czysto\/"},{"@type":"ListItem","position":3,"name":"Ozonowanie oraz zamg\u0142awianie metod\u0105 ULV"}]}]}},"_links":{"self":[{"href":"https:\/\/jak-czysto.pl\/index.php\/wp-json\/wp\/v2\/pages\/1443","targetHints":{"allow":["GET"]}}],"collection":[{"href":"https:\/\/jak-czysto.pl\/index.php\/wp-json\/wp\/v2\/pages"}],"about":[{"href":"https:\/\/jak-czysto.pl\/index.php\/wp-json\/wp\/v2\/types\/page"}],"author":[{"embeddable":true,"href":"https:\/\/jak-czysto.pl\/index.php\/wp-json\/wp\/v2\/users\/1"}],"replies":[{"embeddable":true,"href":"https:\/\/jak-czysto.pl\/index.php\/wp-json\/wp\/v2\/comments?post=1443"}],"version-history":[{"count":31,"href":"https:\/\/jak-czysto.pl\/index.php\/wp-json\/wp\/v2\/pages\/1443\/revisions"}],"predecessor-version":[{"id":1920,"href":"https:\/\/jak-czysto.pl\/index.php\/wp-json\/wp\/v2\/pages\/1443\/revisions\/1920"}],"up":[{"embeddable":true,"href":"https:\/\/jak-czysto.pl\/index.php\/wp-json\/wp\/v2\/pages\/27"}],"wp:attachment":[{"href":"https:\/\/jak-czysto.pl\/index.php\/wp-json\/wp\/v2\/media?parent=1443"}],"curies":[{"name":"wp","href":"https:\/\/api.w.org\/{rel}","templated":true}]}}