{"id":1427,"date":"2020-05-30T23:02:42","date_gmt":"2020-05-30T21:02:42","guid":{"rendered":"http:\/\/jak-czysto.pl\/?page_id=1427"},"modified":"2020-06-28T23:05:46","modified_gmt":"2020-06-28T21:05:46","slug":"1427-2","status":"publish","type":"page","link":"https:\/\/jak-czysto.pl\/index.php\/oferta-jak-czysto\/1427-2\/","title":{"rendered":"Sprz\u0105tanie hal produkcyjnych"},"content":{"rendered":"<p>[vc_row type=&#8221;vc_default&#8221; css=&#8221;.vc_custom_1474268037787{margin-bottom: -30px !important;padding-bottom: 30px !important;}&#8221;][vc_column offset=&#8221;vc_col-lg-12 vc_col-md-12 vc_col-xs-12&#8243;]<style type=\"text\/css\" data-type=\"the7_shortcodes-inline-css\">.shortcode-single-image-wrap.shortcode-single-image-c719f42854a37fa2277a3b9a4f95c992.enable-bg-rollover .rollover i,\n.shortcode-single-image-wrap.shortcode-single-image-c719f42854a37fa2277a3b9a4f95c992.enable-bg-rollover .rollover-video i {\n  background: ;\n  background: -webkit-linear-gradient();\n  background: linear-gradient();\n}\n.shortcode-single-image-wrap.shortcode-single-image-c719f42854a37fa2277a3b9a4f95c992 .rollover-icon {\n  font-size: 32px;\n  color: #ffffff;\n  min-width: 44px;\n  min-height: 44px;\n  line-height: 44px;\n  border-radius: 100px;\n  border-style: solid;\n  border-width: 0px;\n}\n.dt-icon-bg-on.shortcode-single-image-wrap.shortcode-single-image-c719f42854a37fa2277a3b9a4f95c992 .rollover-icon {\n  background: rgba(255,255,255,0.3);\n  box-shadow: none;\n}\n<\/style><div class=\"shortcode-single-image-wrap shortcode-single-image-c719f42854a37fa2277a3b9a4f95c992 alignnone  vc_custom_1593377352030 enable-bg-rollover dt-icon-bg-off\" ><div class=\"shortcode-single-image\"><div class=\"fancy-media-wrap\" style=\"\"><a href=\"https:\/\/jak-czysto.pl\/index.php\/services\/1427-2\/\" class=\" layzr-bg rollover\" style=\"\" aria-label=\"Image\"><img fetchpriority=\"high\" decoding=\"async\" class=\"preload-me lazy-load aspect\" src=\"data:image\/svg+xml,%3Csvg%20xmlns%3D&#39;http%3A%2F%2Fwww.w3.org%2F2000%2Fsvg&#39;%20viewBox%3D&#39;0%200%201000%20500&#39;%2F%3E\" data-src=\"https:\/\/jak-czysto.pl\/wp-content\/uploads\/2020\/05\/science-in-hd-pAzSrQF3XUQ-unsplash-scaled-1000x500.jpg\" data-srcset=\"https:\/\/jak-czysto.pl\/wp-content\/uploads\/2020\/05\/science-in-hd-pAzSrQF3XUQ-unsplash-scaled-1000x500.jpg 1000w, https:\/\/jak-czysto.pl\/wp-content\/uploads\/2020\/05\/science-in-hd-pAzSrQF3XUQ-unsplash-scaled-2000x1000.jpg 2000w\" loading=\"eager\" style=\"--ratio: 1000 \/ 500\" sizes=\"(max-width: 1000px) 100vw, 1000px\" width=\"1000\" height=\"500\"  data-dt-location=\"https:\/\/jak-czysto.pl\/index.php\/firma-sprzatajaca-kielce\/science-in-hd-pazsrqf3xuq-unsplash\/\" alt=\"\" \/><\/a><\/div><\/div><\/div><div id=\"ultimate-heading-262769da6de084c3f\" class=\"uvc-heading ult-adjust-bottom-margin ultimate-heading-262769da6de084c3f uvc-1852 accent-border-color\" data-hspacer=\"line_only\"  data-halign=\"left\" style=\"text-align:left\"><div class=\"uvc-main-heading ult-responsive\"  data-ultimate-target='.uvc-heading.ultimate-heading-262769da6de084c3f h2'  data-responsive-json-new='{\"font-size\":\"desktop:26px;\",\"line-height\":\"desktop:36px;\"}' ><h2 style=\"font-weight:bold;\">Sprz\u0105tanie hal produkcyjnych<\/h2><\/div><div class=\"uvc-sub-heading ult-responsive\"  data-ultimate-target='.uvc-heading.ultimate-heading-262769da6de084c3f .uvc-sub-heading '  data-responsive-json-new='{\"font-size\":\"\",\"line-height\":\"\"}'  style=\"font-weight:normal;\"><\/p>\n<p>&nbsp;<\/p>\n<p>&nbsp;<\/p>\n<p><\/div><div class=\"uvc-heading-spacer line_only\" style=\"margin-top:15px;margin-bottom:30px;height:4px;\"><span class=\"uvc-headings-line\" style=\"border-style:solid;border-bottom-width:4px;border-color:;width:50px;\"><\/span><\/div><\/div>[vc_column_text css=&#8221;.vc_custom_1593377716649{padding-bottom: 60px !important;}&#8221;]Dbamy o czysto\u015b\u0107 i porz\u0105dek w budynkach produkcyjnych r\u00f3\u017cnych typ\u00f3w.\u00a0Dbanie o czysto\u015b\u0107 fabryk realizowane jest w spos\u00f3b kompleksowy, przy pomocy nowoczesnych urz\u0105dze\u0144 i z wykorzystaniem profesjonalnych \u015brodk\u00f3w chemicznych, kt\u00f3re poradz\u0105 sobie nawet z najtrwalszymi zabrudzeniami.<\/p>\n<p>Sprz\u0105tanie hal produkcyjnych obejmuje procesy zwi\u0105zane m\/in ze zmywaniem posadzek, myciem okien oraz innych element\u00f3w infrastruktury technicznej tego typu obiekt\u00f3w. Je\u015bli interesuj\u0105 Pa\u0144stwa us\u0142ugi porz\u0105dkowania obiekt\u00f3w przemys\u0142owych, zach\u0119camy do zapoznania si\u0119 z przyk\u0142adow\u0105 list\u0105 sprz\u0105tanych obiekt\u00f3w i czynno\u015bci, jakie realizujemy.[\/vc_column_text][\/vc_column][\/vc_row]<\/p>\n","protected":false},"excerpt":{"rendered":"<p>[vc_row type=&#8221;vc_default&#8221; css=&#8221;.vc_custom_1474268037787{margin-bottom: -30px !important;padding-bottom: 30px !important;}&#8221;][vc_column offset=&#8221;vc_col-lg-12 vc_col-md-12 vc_col-xs-12&#8243;][vc_column_text css=&#8221;.vc_custom_1593377716649{padding-bottom: 60px !important;}&#8221;]Dbamy o czysto\u015b\u0107 i porz\u0105dek w budynkach produkcyjnych r\u00f3\u017cnych typ\u00f3w.\u00a0Dbanie o czysto\u015b\u0107 fabryk realizowane jest w spos\u00f3b kompleksowy, przy pomocy nowoczesnych urz\u0105dze\u0144 i z wykorzystaniem profesjonalnych \u015brodk\u00f3w chemicznych, kt\u00f3re poradz\u0105 sobie nawet z najtrwalszymi zabrudzeniami. Sprz\u0105tanie hal produkcyjnych obejmuje procesy zwi\u0105zane m\/in ze&hellip;<\/p>\n","protected":false},"author":1,"featured_media":0,"parent":27,"menu_order":0,"comment_status":"closed","ping_status":"closed","template":"","meta":{"_monsterinsights_skip_tracking":false,"_monsterinsights_sitenote_active":false,"_monsterinsights_sitenote_note":"","_monsterinsights_sitenote_category":0,"footnotes":""},"class_list":["post-1427","page","type-page","status-publish","hentry","description-off"],"yoast_head":"<!-- This site is optimized with the Yoast SEO plugin v17.2 - https:\/\/yoast.com\/wordpress\/plugins\/seo\/ -->\n<title>Sprz\u0105tanie hal produkcyjnych - Firma sprz\u0105taj\u0105ca, ozonowanie oraz zamg\u0142awianie | Jak Czysto!<\/title>\n<meta name=\"robots\" content=\"index, follow, max-snippet:-1, max-image-preview:large, max-video-preview:-1\" \/>\n<link rel=\"canonical\" href=\"https:\/\/jak-czysto.pl\/index.php\/oferta-jak-czysto\/1427-2\/\" \/>\n<meta property=\"og:locale\" content=\"pl_PL\" \/>\n<meta property=\"og:type\" content=\"article\" \/>\n<meta property=\"og:title\" content=\"Sprz\u0105tanie hal produkcyjnych - Firma sprz\u0105taj\u0105ca, ozonowanie oraz zamg\u0142awianie | Jak Czysto!\" \/>\n<meta property=\"og:description\" content=\"[vc_row type=&#8221;vc_default&#8221; css=&#8221;.vc_custom_1474268037787{margin-bottom: -30px !important;padding-bottom: 30px !important;}&#8221;][vc_column offset=&#8221;vc_col-lg-12 vc_col-md-12 vc_col-xs-12&#8243;][vc_column_text css=&#8221;.vc_custom_1593377716649{padding-bottom: 60px !important;}&#8221;]Dbamy o czysto\u015b\u0107 i porz\u0105dek w budynkach produkcyjnych r\u00f3\u017cnych typ\u00f3w.\u00a0Dbanie o czysto\u015b\u0107 fabryk realizowane jest w spos\u00f3b kompleksowy, przy pomocy nowoczesnych urz\u0105dze\u0144 i z wykorzystaniem profesjonalnych \u015brodk\u00f3w chemicznych, kt\u00f3re poradz\u0105 sobie nawet z najtrwalszymi zabrudzeniami. Sprz\u0105tanie hal produkcyjnych obejmuje procesy zwi\u0105zane m\/in ze&hellip;\" \/>\n<meta property=\"og:url\" content=\"https:\/\/jak-czysto.pl\/index.php\/oferta-jak-czysto\/1427-2\/\" \/>\n<meta property=\"og:site_name\" content=\"Firma sprz\u0105taj\u0105ca, ozonowanie oraz zamg\u0142awianie | Jak Czysto!\" \/>\n<meta property=\"article:publisher\" content=\"https:\/\/www.facebook.com\/jak.czysto.kielce\" \/>\n<meta property=\"article:modified_time\" content=\"2020-06-28T21:05:46+00:00\" \/>\n<meta name=\"twitter:card\" content=\"summary_large_image\" \/>\n<meta name=\"twitter:label1\" content=\"Szacowany czas czytania\" \/>\n\t<meta name=\"twitter:data1\" content=\"1 minuta\" \/>\n<script type=\"application\/ld+json\" class=\"yoast-schema-graph\">{\"@context\":\"https:\/\/schema.org\",\"@graph\":[{\"@type\":\"Organization\",\"@id\":\"https:\/\/jak-czysto.pl\/#organization\",\"name\":\"jak czysto!\",\"url\":\"https:\/\/jak-czysto.pl\/\",\"sameAs\":[\"https:\/\/www.facebook.com\/jak.czysto.kielce\",\"https:\/\/www.linkedin.com\/company\/65819576\"],\"logo\":{\"@type\":\"ImageObject\",\"@id\":\"https:\/\/jak-czysto.pl\/#logo\",\"inLanguage\":\"pl-PL\",\"url\":\"https:\/\/jak-czysto.pl\/wp-content\/uploads\/2020\/05\/250x250.png\",\"contentUrl\":\"https:\/\/jak-czysto.pl\/wp-content\/uploads\/2020\/05\/250x250.png\",\"width\":250,\"height\":250,\"caption\":\"jak czysto!\"},\"image\":{\"@id\":\"https:\/\/jak-czysto.pl\/#logo\"}},{\"@type\":\"WebSite\",\"@id\":\"https:\/\/jak-czysto.pl\/#website\",\"url\":\"https:\/\/jak-czysto.pl\/\",\"name\":\"Firma sprz\\u0105taj\\u0105ca, ozonowanie oraz zamg\\u0142awianie | Jak Czysto!\",\"description\":\"Firma sprz\\u0105taj\\u0105ca w Kielcach\",\"publisher\":{\"@id\":\"https:\/\/jak-czysto.pl\/#organization\"},\"potentialAction\":[{\"@type\":\"SearchAction\",\"target\":{\"@type\":\"EntryPoint\",\"urlTemplate\":\"https:\/\/jak-czysto.pl\/?s={search_term_string}\"},\"query-input\":\"required name=search_term_string\"}],\"inLanguage\":\"pl-PL\"},{\"@type\":\"WebPage\",\"@id\":\"https:\/\/jak-czysto.pl\/index.php\/oferta-jak-czysto\/1427-2\/#webpage\",\"url\":\"https:\/\/jak-czysto.pl\/index.php\/oferta-jak-czysto\/1427-2\/\",\"name\":\"Sprz\\u0105tanie hal produkcyjnych - Firma sprz\\u0105taj\\u0105ca, ozonowanie oraz zamg\\u0142awianie | Jak Czysto!\",\"isPartOf\":{\"@id\":\"https:\/\/jak-czysto.pl\/#website\"},\"datePublished\":\"2020-05-30T21:02:42+00:00\",\"dateModified\":\"2020-06-28T21:05:46+00:00\",\"breadcrumb\":{\"@id\":\"https:\/\/jak-czysto.pl\/index.php\/oferta-jak-czysto\/1427-2\/#breadcrumb\"},\"inLanguage\":\"pl-PL\",\"potentialAction\":[{\"@type\":\"ReadAction\",\"target\":[\"https:\/\/jak-czysto.pl\/index.php\/oferta-jak-czysto\/1427-2\/\"]}]},{\"@type\":\"BreadcrumbList\",\"@id\":\"https:\/\/jak-czysto.pl\/index.php\/oferta-jak-czysto\/1427-2\/#breadcrumb\",\"itemListElement\":[{\"@type\":\"ListItem\",\"position\":1,\"name\":\"Strona g\\u0142\\u00f3wna\",\"item\":\"https:\/\/jak-czysto.pl\/\"},{\"@type\":\"ListItem\",\"position\":2,\"name\":\"Oferta\",\"item\":\"https:\/\/jak-czysto.pl\/index.php\/oferta-jak-czysto\/\"},{\"@type\":\"ListItem\",\"position\":3,\"name\":\"Sprz\\u0105tanie hal produkcyjnych\"}]}]}<\/script>\n<!-- \/ Yoast SEO plugin. -->","yoast_head_json":{"title":"Sprz\u0105tanie hal produkcyjnych - Firma sprz\u0105taj\u0105ca, ozonowanie oraz zamg\u0142awianie | Jak Czysto!","robots":{"index":"index","follow":"follow","max-snippet":"max-snippet:-1","max-image-preview":"max-image-preview:large","max-video-preview":"max-video-preview:-1"},"canonical":"https:\/\/jak-czysto.pl\/index.php\/oferta-jak-czysto\/1427-2\/","og_locale":"pl_PL","og_type":"article","og_title":"Sprz\u0105tanie hal produkcyjnych - Firma sprz\u0105taj\u0105ca, ozonowanie oraz zamg\u0142awianie | Jak Czysto!","og_description":"[vc_row type=&#8221;vc_default&#8221; css=&#8221;.vc_custom_1474268037787{margin-bottom: -30px !important;padding-bottom: 30px !important;}&#8221;][vc_column offset=&#8221;vc_col-lg-12 vc_col-md-12 vc_col-xs-12&#8243;][vc_column_text css=&#8221;.vc_custom_1593377716649{padding-bottom: 60px !important;}&#8221;]Dbamy o czysto\u015b\u0107 i porz\u0105dek w budynkach produkcyjnych r\u00f3\u017cnych typ\u00f3w.\u00a0Dbanie o czysto\u015b\u0107 fabryk realizowane jest w spos\u00f3b kompleksowy, przy pomocy nowoczesnych urz\u0105dze\u0144 i z wykorzystaniem profesjonalnych \u015brodk\u00f3w chemicznych, kt\u00f3re poradz\u0105 sobie nawet z najtrwalszymi zabrudzeniami. Sprz\u0105tanie hal produkcyjnych obejmuje procesy zwi\u0105zane m\/in ze&hellip;","og_url":"https:\/\/jak-czysto.pl\/index.php\/oferta-jak-czysto\/1427-2\/","og_site_name":"Firma sprz\u0105taj\u0105ca, ozonowanie oraz zamg\u0142awianie | Jak Czysto!","article_publisher":"https:\/\/www.facebook.com\/jak.czysto.kielce","article_modified_time":"2020-06-28T21:05:46+00:00","twitter_card":"summary_large_image","twitter_misc":{"Szacowany czas czytania":"1 minuta"},"schema":{"@context":"https:\/\/schema.org","@graph":[{"@type":"Organization","@id":"https:\/\/jak-czysto.pl\/#organization","name":"jak czysto!","url":"https:\/\/jak-czysto.pl\/","sameAs":["https:\/\/www.facebook.com\/jak.czysto.kielce","https:\/\/www.linkedin.com\/company\/65819576"],"logo":{"@type":"ImageObject","@id":"https:\/\/jak-czysto.pl\/#logo","inLanguage":"pl-PL","url":"https:\/\/jak-czysto.pl\/wp-content\/uploads\/2020\/05\/250x250.png","contentUrl":"https:\/\/jak-czysto.pl\/wp-content\/uploads\/2020\/05\/250x250.png","width":250,"height":250,"caption":"jak czysto!"},"image":{"@id":"https:\/\/jak-czysto.pl\/#logo"}},{"@type":"WebSite","@id":"https:\/\/jak-czysto.pl\/#website","url":"https:\/\/jak-czysto.pl\/","name":"Firma sprz\u0105taj\u0105ca, ozonowanie oraz zamg\u0142awianie | Jak Czysto!","description":"Firma sprz\u0105taj\u0105ca w Kielcach","publisher":{"@id":"https:\/\/jak-czysto.pl\/#organization"},"potentialAction":[{"@type":"SearchAction","target":{"@type":"EntryPoint","urlTemplate":"https:\/\/jak-czysto.pl\/?s={search_term_string}"},"query-input":"required name=search_term_string"}],"inLanguage":"pl-PL"},{"@type":"WebPage","@id":"https:\/\/jak-czysto.pl\/index.php\/oferta-jak-czysto\/1427-2\/#webpage","url":"https:\/\/jak-czysto.pl\/index.php\/oferta-jak-czysto\/1427-2\/","name":"Sprz\u0105tanie hal produkcyjnych - Firma sprz\u0105taj\u0105ca, ozonowanie oraz zamg\u0142awianie | Jak Czysto!","isPartOf":{"@id":"https:\/\/jak-czysto.pl\/#website"},"datePublished":"2020-05-30T21:02:42+00:00","dateModified":"2020-06-28T21:05:46+00:00","breadcrumb":{"@id":"https:\/\/jak-czysto.pl\/index.php\/oferta-jak-czysto\/1427-2\/#breadcrumb"},"inLanguage":"pl-PL","potentialAction":[{"@type":"ReadAction","target":["https:\/\/jak-czysto.pl\/index.php\/oferta-jak-czysto\/1427-2\/"]}]},{"@type":"BreadcrumbList","@id":"https:\/\/jak-czysto.pl\/index.php\/oferta-jak-czysto\/1427-2\/#breadcrumb","itemListElement":[{"@type":"ListItem","position":1,"name":"Strona g\u0142\u00f3wna","item":"https:\/\/jak-czysto.pl\/"},{"@type":"ListItem","position":2,"name":"Oferta","item":"https:\/\/jak-czysto.pl\/index.php\/oferta-jak-czysto\/"},{"@type":"ListItem","position":3,"name":"Sprz\u0105tanie hal produkcyjnych"}]}]}},"_links":{"self":[{"href":"https:\/\/jak-czysto.pl\/index.php\/wp-json\/wp\/v2\/pages\/1427","targetHints":{"allow":["GET"]}}],"collection":[{"href":"https:\/\/jak-czysto.pl\/index.php\/wp-json\/wp\/v2\/pages"}],"about":[{"href":"https:\/\/jak-czysto.pl\/index.php\/wp-json\/wp\/v2\/types\/page"}],"author":[{"embeddable":true,"href":"https:\/\/jak-czysto.pl\/index.php\/wp-json\/wp\/v2\/users\/1"}],"replies":[{"embeddable":true,"href":"https:\/\/jak-czysto.pl\/index.php\/wp-json\/wp\/v2\/comments?post=1427"}],"version-history":[{"count":12,"href":"https:\/\/jak-czysto.pl\/index.php\/wp-json\/wp\/v2\/pages\/1427\/revisions"}],"predecessor-version":[{"id":1589,"href":"https:\/\/jak-czysto.pl\/index.php\/wp-json\/wp\/v2\/pages\/1427\/revisions\/1589"}],"up":[{"embeddable":true,"href":"https:\/\/jak-czysto.pl\/index.php\/wp-json\/wp\/v2\/pages\/27"}],"wp:attachment":[{"href":"https:\/\/jak-czysto.pl\/index.php\/wp-json\/wp\/v2\/media?parent=1427"}],"curies":[{"name":"wp","href":"https:\/\/api.w.org\/{rel}","templated":true}]}}